{"id":131,"date":"2023-03-06T17:44:49","date_gmt":"2023-03-06T17:44:49","guid":{"rendered":"https:\/\/maqnusa.com\/?page_id=131"},"modified":"2025-03-18T19:21:42","modified_gmt":"2025-03-19T01:21:42","slug":"quienes-somos","status":"publish","type":"page","link":"https:\/\/eingmex.com\/?page_id=131","title":{"rendered":"Quienes Somos"},"content":{"rendered":"<p><strong>\u00bfQuienes Somos?<\/strong><\/p>\n<p>Bienvenidos a Eingmex, somos un negocio familiar y \u201cNuestra fortaleza radica en que somos m\u00e1s que una empresa familiar, somos una familia en la empresa.\u00bb trabajamos todos en equipo para satisfacer las necesidades de nuestros clientes.<\/p>\n<p>Contamos con maquinaria y equipo para la elaboraci\u00f3n de panader\u00eda, pizzer\u00eda, reposter\u00eda y tortillas de harina normal y tortilla semi cocida.<\/p>\n<p>Iniciamos desde hace 15 a\u00f1os con equipos para panader\u00eda, pizzer\u00eda y tortiller\u00edas de harina y de ah\u00ed nos surgi\u00f3 la idea de realizar m\u00e1quinas para la elaboraci\u00f3n de ellas, de manera sencilla, de f\u00e1cil manejo y sobre todo al mejor precio del mercado.<\/p>\n<p>Nuestro negocio est\u00e1 ubicado en General Escobedo y Monterrey, N.L. y nos dedicamos a la fabricaci\u00f3n de equipos para elaborar tortillas de harina, panader\u00eda, pizzer\u00eda y reposter\u00eda.<\/p>\n<p>Las elaboramos de manera sencilla para que, si usted pueda adaptarse mucho m\u00e1s f\u00e1cil a ellas, de tal manera que usted mismo pueda realizarle el mantenimiento y as\u00ed evitarle gastos innecesarios de reparaciones.<\/p>\n<p>A su vez contamos con la venta de refacciones y piezas de las maquinarias que fabricamos.<\/p>\n<p>Lo m\u00e1s importante es que nosotros nos basamos a lo que usted requiere, ya que como somos fabricantes podemos hacer modificaciones en nuestras maquinarias.<\/p>\n<p>Esto para su satisfacci\u00f3n ya que si requiere de alguna maquina con medidas especiales, nos adaptamos a lo que usted necesita.<\/p>\n<p>Lo invitamos a conocer cada secci\u00f3n de nuestro sitio web y estamos a sus \u00f3rdenes para cualquier duda o aclaraci\u00f3n.<\/p>\n","protected":false},"excerpt":{"rendered":"<p>\u00bfQuienes Somos? Bienvenidos a Eingmex, somos un negocio familiar y \u201cNuestra fortaleza radica en que somos m\u00e1s que una empresa familiar, somos una familia en la empresa.\u00bb trabajamos todos en&#8230;<\/p>\n","protected":false},"author":3,"featured_media":0,"parent":0,"menu_order":0,"comment_status":"closed","ping_status":"closed","template":"","meta":{"footnotes":""},"class_list":["post-131","page","type-page","status-publish"],"_links":{"self":[{"href":"https:\/\/eingmex.com\/index.php?rest_route=\/wp\/v2\/pages\/131","targetHints":{"allow":["GET"]}}],"collection":[{"href":"https:\/\/eingmex.com\/index.php?rest_route=\/wp\/v2\/pages"}],"about":[{"href":"https:\/\/eingmex.com\/index.php?rest_route=\/wp\/v2\/types\/page"}],"author":[{"embeddable":true,"href":"https:\/\/eingmex.com\/index.php?rest_route=\/wp\/v2\/users\/3"}],"replies":[{"embeddable":true,"href":"https:\/\/eingmex.com\/index.php?rest_route=%2Fwp%2Fv2%2Fcomments&post=131"}],"version-history":[{"count":8,"href":"https:\/\/eingmex.com\/index.php?rest_route=\/wp\/v2\/pages\/131\/revisions"}],"predecessor-version":[{"id":666,"href":"https:\/\/eingmex.com\/index.php?rest_route=\/wp\/v2\/pages\/131\/revisions\/666"}],"wp:attachment":[{"href":"https:\/\/eingmex.com\/index.php?rest_route=%2Fwp%2Fv2%2Fmedia&parent=131"}],"curies":[{"name":"wp","href":"https:\/\/api.w.org\/{rel}","templated":true}]}}