{"id":209,"date":"2023-03-10T17:32:25","date_gmt":"2023-03-10T17:32:25","guid":{"rendered":"https:\/\/maqnusa.com\/?post_type=product&#038;p=209"},"modified":"2025-03-20T23:33:10","modified_gmt":"2025-03-21T05:33:10","slug":"tortilladora-electrica","status":"publish","type":"product","link":"https:\/\/eingmex.com\/?product=tortilladora-electrica","title":{"rendered":"Tortilladora manual"},"content":{"rendered":"<p>FUNCION DE LA MAQUINA:<\/p>\n<p>La tortilladora el\u00e9ctrica para tortillas de harina de trigo, sustituye con gran ahorro de tiempo y esfuerzo al m\u00e9todo tradicional de paloteo a mano, con lo cual todos pueden hacer tortillas de harina con gran facilidad y con el sabor inigualable de lo hecho en casa.<\/p>\n<p>Esta Tortilladora el\u00e9ctrica est\u00e1 dise\u00f1ada para evitarle trabajo y esfuerzo. \ud83d\udcaa\ud83c\udffb<\/p>\n<p>Porque con ella podr\u00e1 preparar f\u00e1cilmente para su familia, Tortillas de harina, Gorditas de az\u00facar y Bu\u00f1uelos navide\u00f1os.<\/p>\n<p>CARACTERISTICAS:<\/p>\n<p>\ud83d\udcddEl\u00e9ctrica corriente 110v 127v<br \/>\n\ud83d\udcddExtiende y precoce<br \/>\n\ud83d\udcddHasta 8\u201d 20 cm<br \/>\n\ud83d\udcddUso dom\u00e9stico o restaurantero<\/p>\n<p>PRODUCCION:<\/p>\n<p>Hasta 240 Tortillas por hora.<\/p>\n<p>ESPECIFICACIONES:<\/p>\n<p>\ud83d\udcddConsumo: 225 watts<br \/>\n\ud83d\udcddFrecuencia: 60 Hz<br \/>\n\ud83d\udcddAmperes: 1.8 Amps.<br \/>\n\ud83d\udcddPeso: 3 Kg.<\/p>\n<p>GARANT\u00cdA<br \/>\nLa garant\u00eda de 6 meses contra defecto de fabricaci\u00f3n; Tambi\u00e9n se les env\u00eda un video por correo o por Whatsapp\u00a0 antes de enviarla en el cual consta en buen funcionamiento de la maquina o en su caso puede venir el cliente a checar el funcionamiento de la misma a nuestro taller.<\/p>\n<p>METODOS DE PAGO<\/p>\n<p>\ud83d\udcccEfectivo pagando en nuestro taller ubicado en Monterrey y nuestras oficinas en General Escobedo, Nuevo Leon.<\/p>\n<p>\ud83d\udcccTransferencia o Dep\u00f3sitos Bancarios<\/p>\n<p>\ud83d\udcccPago con Tarjeta de Debito o Cr\u00e9dito<\/p>\n<p><em>Si usted se ubica en otro estado o pa\u00eds puede realizar pagos con tarjetas de debito o cr\u00e9dito mediante Links de Pago<\/em><\/p>\n","protected":false},"excerpt":{"rendered":"<p>FUNCION DE LA MAQUINA: La tortilladora el\u00e9ctrica para tortillas de harina de trigo, sustituye con gran ahorro de tiempo y esfuerzo al m\u00e9todo tradicional de paloteo a mano, con lo&#8230;<\/p>\n","protected":false},"featured_media":715,"comment_status":"open","ping_status":"closed","template":"","meta":[],"product_brand":[],"product_cat":[18],"product_tag":[],"class_list":{"0":"post-209","1":"product","2":"type-product","3":"status-publish","4":"has-post-thumbnail","6":"product_cat-tortilleria-de-harina","8":"first","9":"instock","10":"shipping-taxable","11":"purchasable","12":"product-type-simple"},"_links":{"self":[{"href":"https:\/\/eingmex.com\/index.php?rest_route=\/wp\/v2\/product\/209","targetHints":{"allow":["GET"]}}],"collection":[{"href":"https:\/\/eingmex.com\/index.php?rest_route=\/wp\/v2\/product"}],"about":[{"href":"https:\/\/eingmex.com\/index.php?rest_route=\/wp\/v2\/types\/product"}],"replies":[{"embeddable":true,"href":"https:\/\/eingmex.com\/index.php?rest_route=%2Fwp%2Fv2%2Fcomments&post=209"}],"wp:featuredmedia":[{"embeddable":true,"href":"https:\/\/eingmex.com\/index.php?rest_route=\/wp\/v2\/media\/715"}],"wp:attachment":[{"href":"https:\/\/eingmex.com\/index.php?rest_route=%2Fwp%2Fv2%2Fmedia&parent=209"}],"wp:term":[{"taxonomy":"product_brand","embeddable":true,"href":"https:\/\/eingmex.com\/index.php?rest_route=%2Fwp%2Fv2%2Fproduct_brand&post=209"},{"taxonomy":"product_cat","embeddable":true,"href":"https:\/\/eingmex.com\/index.php?rest_route=%2Fwp%2Fv2%2Fproduct_cat&post=209"},{"taxonomy":"product_tag","embeddable":true,"href":"https:\/\/eingmex.com\/index.php?rest_route=%2Fwp%2Fv2%2Fproduct_tag&post=209"}],"curies":[{"name":"wp","href":"https:\/\/api.w.org\/{rel}","templated":true}]}}