{"id":212,"date":"2023-03-10T17:41:25","date_gmt":"2023-03-10T17:41:25","guid":{"rendered":"https:\/\/maqnusa.com\/?post_type=product&#038;p=212"},"modified":"2025-03-20T22:54:32","modified_gmt":"2025-03-21T04:54:32","slug":"mesa-de-trabajo","status":"publish","type":"product","link":"https:\/\/eingmex.com\/?product=mesa-de-trabajo","title":{"rendered":"Mesa de trabajo"},"content":{"rendered":"<p><strong>FUNCION DE LA MESA:<\/strong><\/p>\n<p>Esta mesa es especial para la manipulaci\u00f3n de alimentos, indispensable en panader\u00edas, restaurantes, hoteles y comedores industriales.<\/p>\n<p>Tambi\u00e9n puede amasar sobre ella ya que esta reforzada con tablones de madera en la parte inferior.<\/p>\n<p><strong>MEDIDAS:<\/strong><\/p>\n<p>De ancho 0.70cm x 1.50m de Largo y 1m de Alto<\/p>\n<p><strong>ESPECIFICACIONES:<\/strong><\/p>\n<p>\ud83d\udcddFabricada con base de \u00e1ngulo y lamina cal. 18<\/p>\n<p>\ud83d\udcddReforzada con tablones<\/p>\n<p>\ud83d\udcddForrada en acero inoxidable<\/p>\n<p>\ud83d\udcddLleva topes en las patas<\/p>\n<p>\ud83d\udcddEspiguero por un lado<\/p>\n<p><strong>TIEMPO DE ENTREGA<\/strong><\/p>\n<p>De 3 a 5 d\u00edas h\u00e1biles.<\/p>\n<p><strong>FLETE<\/strong><\/p>\n<p>A ocurre corre por cuenta del comprador, Realizamos env\u00edos Nacionales e Internacionales.\u00a0Para realizar la cotizaci\u00f3n env\u00edenos mediante la secci\u00f3n de contacto o nuestro chat \u00a0los siguientes datos. Pa\u00eds, Ciudad, Municipio o Localidad y su Cp.<\/p>\n<p><strong>GARANTIA<\/strong><\/p>\n<p>La garant\u00eda de 6 meses contra defecto de fabricaci\u00f3n , Tambien se les env\u00eda un video por correo o por Whatsapp antes de enviarla en el cual consta en buen funcionamiento de la maquina o en su caso puede venir el cliente a checar el funcionamiento de la misma a nuestro taller.<\/p>\n<p><strong>METODOS DE PAGO<\/strong><\/p>\n<p>\ud83d\udcccEfectivo pagando en nuestro taller ubicado en Monterrey y General Escobedo, Nuevo Leon.<\/p>\n<p>\ud83d\udcccTransferencia o Dep\u00f3sitos Bancarios<\/p>\n<p>\ud83d\udcccPago con Tarjeta de Debito o Cr\u00e9dito<\/p>\n<p>S<em>i usted se ubica en otro estado o pa\u00eds puede realizar pagos con tarjetas de debito o cr\u00e9dito mediante Links de Pago<\/em><\/p>\n","protected":false},"excerpt":{"rendered":"<p>FUNCION DE LA MESA: Esta mesa es especial para la manipulaci\u00f3n de alimentos, indispensable en panader\u00edas, restaurantes, hoteles y comedores industriales. Tambi\u00e9n puede amasar sobre ella ya que esta reforzada&#8230;<\/p>\n","protected":false},"featured_media":712,"comment_status":"open","ping_status":"closed","template":"","meta":[],"product_brand":[],"product_cat":[18],"product_tag":[],"class_list":{"0":"post-212","1":"product","2":"type-product","3":"status-publish","4":"has-post-thumbnail","6":"product_cat-tortilleria-de-harina","8":"first","9":"instock","10":"shipping-taxable","11":"purchasable","12":"product-type-simple"},"_links":{"self":[{"href":"https:\/\/eingmex.com\/index.php?rest_route=\/wp\/v2\/product\/212","targetHints":{"allow":["GET"]}}],"collection":[{"href":"https:\/\/eingmex.com\/index.php?rest_route=\/wp\/v2\/product"}],"about":[{"href":"https:\/\/eingmex.com\/index.php?rest_route=\/wp\/v2\/types\/product"}],"replies":[{"embeddable":true,"href":"https:\/\/eingmex.com\/index.php?rest_route=%2Fwp%2Fv2%2Fcomments&post=212"}],"wp:featuredmedia":[{"embeddable":true,"href":"https:\/\/eingmex.com\/index.php?rest_route=\/wp\/v2\/media\/712"}],"wp:attachment":[{"href":"https:\/\/eingmex.com\/index.php?rest_route=%2Fwp%2Fv2%2Fmedia&parent=212"}],"wp:term":[{"taxonomy":"product_brand","embeddable":true,"href":"https:\/\/eingmex.com\/index.php?rest_route=%2Fwp%2Fv2%2Fproduct_brand&post=212"},{"taxonomy":"product_cat","embeddable":true,"href":"https:\/\/eingmex.com\/index.php?rest_route=%2Fwp%2Fv2%2Fproduct_cat&post=212"},{"taxonomy":"product_tag","embeddable":true,"href":"https:\/\/eingmex.com\/index.php?rest_route=%2Fwp%2Fv2%2Fproduct_tag&post=212"}],"curies":[{"name":"wp","href":"https:\/\/api.w.org\/{rel}","templated":true}]}}