{"id":214,"date":"2023-03-10T17:52:14","date_gmt":"2023-03-10T17:52:14","guid":{"rendered":"https:\/\/maqnusa.com\/?post_type=product&#038;p=214"},"modified":"2025-05-31T01:08:21","modified_gmt":"2025-05-31T06:08:21","slug":"cortadora-boleadora-de-banda-automatica","status":"publish","type":"product","link":"https:\/\/eingmex.com\/?product=cortadora-boleadora-de-banda-automatica","title":{"rendered":"Cortadora Boleadora de Banda Autom\u00e1tica"},"content":{"rendered":"<div>\n<div>\n<p>&nbsp;<\/p>\n<table border=\"1\" cellspacing=\"1\" cellpadding=\"1\">\n<tbody>\n<tr>\n<td>$55,000 MXN Sin Guarda<\/td>\n<td>$63,000 MXN Con Guarda<\/td>\n<\/tr>\n<\/tbody>\n<\/table>\n<div style=\"width: 606px;\" class=\"wp-video\"><video class=\"wp-video-shortcode\" id=\"video-214-1\" width=\"606\" height=\"1080\" preload=\"metadata\" controls=\"controls\"><source type=\"video\/mp4\" src=\"https:\/\/eingmex.com\/wp-content\/uploads\/2023\/03\/post-instagram-anuncio-descuentos-moderno-rojo.mp4?_=1\" \/><a href=\"https:\/\/eingmex.com\/wp-content\/uploads\/2023\/03\/post-instagram-anuncio-descuentos-moderno-rojo.mp4\">https:\/\/eingmex.com\/wp-content\/uploads\/2023\/03\/post-instagram-anuncio-descuentos-moderno-rojo.mp4<\/a><\/video><\/div>\n<p><strong>ESPECIFICACIONES:<\/strong><br \/>\nEsta m\u00e1quina corta testales desde 15 gr. hasta 200 gr. con diferentes conos. Siendo una de las pocas m\u00e1quinas que cuenta con control para regular el tama\u00f1o de corte. Dando una rapidez y precisi\u00f3n de corte y boleo agilizando el proceso de elaboraci\u00f3n de la tortilla. Siendo una m\u00e1quina muy eficiente por su sencilla y pr\u00e1ctica elaboraci\u00f3n.<\/p>\n<p>Se puede usar este tipo de m\u00e1quina tambi\u00e9n la elaboraci\u00f3n de pizzas, galletas o pan. Solo que el dise\u00f1o y precio var\u00eda por sus dimensiones al fabricar.<\/p>\n<p>Tambi\u00e9n esta disponible con guarda \u00a0(Cubierta superior) para su mayor seguridad y una f\u00e1cil limpieza, La cual cuenta con un pl\u00e1stico en la parte delantera de alto impacto y transparente para que se pueda ver el funcionamiento del corte.<\/p>\n<p>Se pueden solicitar conos adicionales los cuales cuentan con rosca y se pueden adaptar a la maquina, dependiendo el tama\u00f1o de corte del testal esto para hacer la maquina aun mas r\u00e1pida en los cortes.<\/p>\n<p>C\u00f3mo somos fabricantes nos adaptamos a lo que el cliente necesite realizando pruebas y haciendo modificaciones en nuestras maquinas.<\/p>\n<p>Estamos en contacto con nuestros clientes d\u00e1ndoles asesor\u00eda v\u00eda telef\u00f3nica o por WhatsApp.<\/p>\n<p><strong>MEDIDAS:<\/strong><br \/>\nAncho de .74cm. por 1 m de largo y de alto 1.50<\/p>\n<p><strong>PRODUCCION:<\/strong><br \/>\nMas de 2,000 testales por hora aproximadamente.<\/p>\n<p>CARACTER\u00cdSTICAS:<br \/>\n\ud83d\udcddBanda de grado alimenticio.<br \/>\n\ud83d\udcddCorriente 110 o 220 seg\u00fan sus necesidades.<br \/>\n\ud83d\udcddBolea masa desde 7 gr. hasta 200 gr.<br \/>\n\ud83d\udcddSi requiere que corte y bole m\u00e1s gramos se puede hacer de acuerdo a lo que requiera el cliente.<br \/>\n\ud83d\udcddTolva, gusano, navaja y riel son de acero inoxidable.<br \/>\n\ud83d\udcddTiene 3 motores 1 en la banda 2 en la navaja 3 en el gusano.<br \/>\n\ud83d\udcddContiene un control que es el que regula el tama\u00f1o del testal.<br \/>\n\ud83d\udcddSe pueden fabricar conos adicionales darle m\u00e1s rapidez a los tama\u00f1os del testal.<br \/>\n\ud83d\udcddComo cuenta con el control y se intercambian los conos puede bolear y cortar todos los tama\u00f1os que necesite.<\/p>\n<p><strong>TIEMPO DE ENTREGA:<\/strong><br \/>\nDe 3 a 6 Semanas, Se paga el 50% al ordenar y el resto al estar lista la m\u00e1quina<\/p>\n<p><strong>ENTREGA EXPRESS:<\/strong><br \/>\nDe 2 a 10 d\u00edas siendo el pago es de contado directamente a la cuenta de EINGMEX<\/p>\n<p>Tambi\u00e9n podemos enviar a Estados Unidos, Canad\u00e1, San Jos\u00e9 Costa Rica, Guatemala etc.<\/p>\n<p style=\"text-align: center;\">\ud83d\ude9b\ud83d\ude80Para realizar la cotizaci\u00f3n env\u00edanos mediante la seccion de contacto o nuestro chat \u00a0los siguientes datos.<br \/>\nSi requiere el env\u00edo a domicilio o ocurre.<br \/>\nPa\u00eds o Municipio.<br \/>\nC.P.<\/p>\n<p><strong>GARANT\u00cdA<\/strong><br \/>\nLa garant\u00eda de 6 meses contra defecto de fabricaci\u00f3n, Tambien se les env\u00eda un video por correo o por Whatsapp antes de enviarla en el cual consta en buen funcionamiento de la maquina o en su caso puede venir el cliente a checar el funcionamiento de la misma a nuestro taller.<\/p>\n<p><strong>METODOS DE PAGO<\/strong><\/p>\n<p>\ud83d\udcccEfectivo pagando en nuestro taller ubicado en Monterrey o nuestras oficinas en General Escobedo.<\/p>\n<p>\ud83d\udcccTransferencia o Dep\u00f3sitos Bancarios<\/p>\n<p>\ud83d\udcccPago con Tarjeta de Debito o Cr\u00e9dito<\/p>\n<p><em>Si usted se ubica en otro estado o pa\u00eds puede realizar pagos con tarjetas de debito o cr\u00e9dito mediante Links de Pago<\/em><\/p>\n<\/div>\n<\/div>\n<p>&nbsp;<\/p>\n<div>\n<div>\n<p>&nbsp;<\/p>\n<\/div>\n<\/div>\n<div><\/div>\n","protected":false},"excerpt":{"rendered":"<p>&nbsp; $55,000 MXN Sin Guarda $63,000 MXN Con Guarda ESPECIFICACIONES: Esta m\u00e1quina corta testales desde 15 gr. hasta 200 gr. con diferentes conos. Siendo una de las pocas m\u00e1quinas que&#8230;<\/p>\n","protected":false},"featured_media":710,"comment_status":"open","ping_status":"closed","template":"","meta":[],"product_brand":[],"product_cat":[18],"product_tag":[],"class_list":{"0":"post-214","1":"product","2":"type-product","3":"status-publish","4":"has-post-thumbnail","6":"product_cat-tortilleria-de-harina","8":"first","9":"instock","10":"shipping-taxable","11":"purchasable","12":"product-type-variable"},"_links":{"self":[{"href":"https:\/\/eingmex.com\/index.php?rest_route=\/wp\/v2\/product\/214","targetHints":{"allow":["GET"]}}],"collection":[{"href":"https:\/\/eingmex.com\/index.php?rest_route=\/wp\/v2\/product"}],"about":[{"href":"https:\/\/eingmex.com\/index.php?rest_route=\/wp\/v2\/types\/product"}],"replies":[{"embeddable":true,"href":"https:\/\/eingmex.com\/index.php?rest_route=%2Fwp%2Fv2%2Fcomments&post=214"}],"wp:featuredmedia":[{"embeddable":true,"href":"https:\/\/eingmex.com\/index.php?rest_route=\/wp\/v2\/media\/710"}],"wp:attachment":[{"href":"https:\/\/eingmex.com\/index.php?rest_route=%2Fwp%2Fv2%2Fmedia&parent=214"}],"wp:term":[{"taxonomy":"product_brand","embeddable":true,"href":"https:\/\/eingmex.com\/index.php?rest_route=%2Fwp%2Fv2%2Fproduct_brand&post=214"},{"taxonomy":"product_cat","embeddable":true,"href":"https:\/\/eingmex.com\/index.php?rest_route=%2Fwp%2Fv2%2Fproduct_cat&post=214"},{"taxonomy":"product_tag","embeddable":true,"href":"https:\/\/eingmex.com\/index.php?rest_route=%2Fwp%2Fv2%2Fproduct_tag&post=214"}],"curies":[{"name":"wp","href":"https:\/\/api.w.org\/{rel}","templated":true}]}}