{"id":218,"date":"2023-03-10T18:02:36","date_gmt":"2023-03-10T18:02:36","guid":{"rendered":"https:\/\/maqnusa.com\/?post_type=product&#038;p=218"},"modified":"2025-03-20T22:44:09","modified_gmt":"2025-03-21T04:44:09","slug":"espiguero-para-18-charolas","status":"publish","type":"product","link":"https:\/\/eingmex.com\/?product=espiguero-para-18-charolas","title":{"rendered":"Espiguero para 18 charolas"},"content":{"rendered":"<p><strong>ESPECIFICACIONES:<\/strong><br \/>\nEste espigero de 18 charolas se utiliza para almacenar las charolas previamente llenas con las bolitas de masa o testales. Esta operaci\u00f3n es necesaria para dar a los testales o bolitas de masa el tiempo de reposo adecuado. El reposo de los testales es indispensable para lograr que la tortillas se extienda bien y para que su textura sea la que el consumidor prefiere. Indispensablemente en el proceso de producci\u00f3n, ahorra espacio y sus ruedas le permiten un f\u00e1cil desplazamiento.<\/p>\n<p>Tambi\u00e9n lo podemos fabricar para 36 charolas y cerrado. O en su caso puede ser tambi\u00e9n para exhibir pan en las camionetas de venta o para mostrar el producto en tienda.<\/p>\n<p>C\u00f3mo somos fabricantes nos adaptamos a lo que el cliente necesite realizando pruebas y haciendo modificaciones en nuestras m\u00e1quinas.<\/p>\n<p>Estamos en contacto con nuestros clientes d\u00e1ndoles asesor\u00eda v\u00eda telef\u00f3nica o por WhatsApp.<\/p>\n<p><strong>MEDIDAS:<\/strong><br \/>\nAncho de .53 Por .67 de largo y de alto 1.60<\/p>\n<p>PRODUCCI\u00d3N:<br \/>\nEs para 18 Charolas.<\/p>\n<p><strong>CARACTER\u00cdSTICAS:<\/strong><br \/>\n\ud83d\udcddFabricado en acero reforzado<br \/>\n\ud83d\udcddCon ruedas para su f\u00e1cil desplazamiento.<br \/>\n\ud83d\udcddTiene un tope en la parte trasera.<br \/>\n\ud83d\udcddLe caben 18 charolas.<\/p>\n<p><strong>TIEMPO DE ENTREGA:<\/strong><\/p>\n<p>De 10 a 15 d\u00edas h\u00e1biles, Se paga el 50% al ordenar y el resto al estar lista la m\u00e1quina<\/p>\n<p><strong>ENTREGA EXPRESS:\u00a0<\/strong><br \/>\nDe 2 a 7 d\u00edas siendo el pago es de contado directamente a la cuenta de EINGMEX<\/p>\n<p>Tambi\u00e9n podemos enviar a Estados Unidos, Canad\u00e1, San Jos\u00e9 Costa Rica, Guatemala etc.<br \/>\nPara realizar la cotizaci\u00f3n env\u00edanos mediante la secci\u00f3n de contacto o nuestro chat \u00a0los siguientes datos.<br \/>\nSi requiere el env\u00edo a domicilio o ocurre.<br \/>\nPa\u00eds o Municipio.<br \/>\nC.P.<\/p>\n<p><strong>GARANT\u00cdA<\/strong><br \/>\nLa garant\u00eda de 6 meses contra defecto de fabricaci\u00f3n; Tambi\u00e9n se les env\u00eda un video por correo o por Whatsapp antes de enviarla en el cual consta en buen funcionamiento de la maquina o en su caso puede venir el cliente a checar el funcionamiento de la misma a nuestro taller.<\/p>\n<p><strong>METODOS DE PAGO<\/strong><\/p>\n<p>\ud83d\udcccEfectivo pagando en nuestro taller ubicado en Monterrey<\/p>\n<p>\ud83d\udcccTransferencia o Dep\u00f3sitos Bancarios<\/p>\n<p>\ud83d\udcccPago con Tarjeta de Debito o Cr\u00e9dito<\/p>\n<p style=\"text-align: left;\">S<em>i usted se ubica en otro estado o pa\u00eds puede realizar pagos con tarjetas de debito o cr\u00e9dito mediante Links de Pago<\/em><\/p>\n<p><strong>Nota:<\/strong><br \/>\nEsta m\u00e1quina es pr\u00e1cticamente nueva lo \u00fanico que es usado es el motorreductor, el cual es probado anteriormente por una persona especializada para su buen funcionamiento ya que si fueran nuevos se elevar\u00eda demasiado el precio de la m\u00e1quina.<\/p>\n","protected":false},"excerpt":{"rendered":"<p>ESPECIFICACIONES: Este espigero de 18 charolas se utiliza para almacenar las charolas previamente llenas con las bolitas de masa o testales. Esta operaci\u00f3n es necesaria para dar a los testales&#8230;<\/p>\n","protected":false},"featured_media":708,"comment_status":"open","ping_status":"closed","template":"","meta":[],"product_brand":[],"product_cat":[18],"product_tag":[],"class_list":{"0":"post-218","1":"product","2":"type-product","3":"status-publish","4":"has-post-thumbnail","6":"product_cat-tortilleria-de-harina","8":"first","9":"instock","10":"shipping-taxable","11":"purchasable","12":"product-type-simple"},"_links":{"self":[{"href":"https:\/\/eingmex.com\/index.php?rest_route=\/wp\/v2\/product\/218","targetHints":{"allow":["GET"]}}],"collection":[{"href":"https:\/\/eingmex.com\/index.php?rest_route=\/wp\/v2\/product"}],"about":[{"href":"https:\/\/eingmex.com\/index.php?rest_route=\/wp\/v2\/types\/product"}],"replies":[{"embeddable":true,"href":"https:\/\/eingmex.com\/index.php?rest_route=%2Fwp%2Fv2%2Fcomments&post=218"}],"wp:featuredmedia":[{"embeddable":true,"href":"https:\/\/eingmex.com\/index.php?rest_route=\/wp\/v2\/media\/708"}],"wp:attachment":[{"href":"https:\/\/eingmex.com\/index.php?rest_route=%2Fwp%2Fv2%2Fmedia&parent=218"}],"wp:term":[{"taxonomy":"product_brand","embeddable":true,"href":"https:\/\/eingmex.com\/index.php?rest_route=%2Fwp%2Fv2%2Fproduct_brand&post=218"},{"taxonomy":"product_cat","embeddable":true,"href":"https:\/\/eingmex.com\/index.php?rest_route=%2Fwp%2Fv2%2Fproduct_cat&post=218"},{"taxonomy":"product_tag","embeddable":true,"href":"https:\/\/eingmex.com\/index.php?rest_route=%2Fwp%2Fv2%2Fproduct_tag&post=218"}],"curies":[{"name":"wp","href":"https:\/\/api.w.org\/{rel}","templated":true}]}}