{"id":225,"date":"2023-03-10T18:40:11","date_gmt":"2023-03-10T18:40:11","guid":{"rendered":"https:\/\/maqnusa.com\/?post_type=product&#038;p=225"},"modified":"2025-04-06T23:14:46","modified_gmt":"2025-04-07T04:14:46","slug":"banda-enfriadora-de-5-niveles","status":"publish","type":"product","link":"https:\/\/eingmex.com\/?product=banda-enfriadora-de-5-niveles","title":{"rendered":"Banda enfriadora de 3 o 5 niveles"},"content":{"rendered":"<p><center><br \/>\n<iframe loading=\"lazy\" title=\"YouTube video player\" src=\"https:\/\/eingmex.com\/wp-content\/uploads\/2023\/03\/Seccion-de-panaderia-6.mp4\" width=\"500px\" height=\"500px\" frameborder=\"0\" allowfullscreen=\"allowfullscreen\"><\/iframe><\/center>&nbsp;<\/p>\n<p><strong>ESPECIFICACIONES:<\/strong><\/p>\n<p>Esta maquina es indispensable para un buen enfriado del producto. La tortilla sale a una temperatura de empaque al final ayudando a que su proceso de producci\u00f3n sea m\u00e1s din\u00e1mico haciendo m\u00e1s funcionales los espacios de su negocio. Se le pueden a\u00f1adir dos abanicos en la parte de arriba para acelerar el proceso de enfriamiento.<\/p>\n<p>Se puede fabricar con los niveles que necesite el cliente y el ancho tambi\u00e9n se puede modificar, Por si requiere que una sola enfriadora le de abastecimiento a dos hornos.<\/p>\n<p>Es de las pocas m\u00e1quinas con control que es el que regula la velocidad de la banda y as\u00ed su enfriamiento<\/p>\n<p>C\u00f3mo somos fabricantes nos adaptamos a lo que el cliente necesite realizando pruebas y haciendo modificaciones en nuestras m\u00e1quinas.<\/p>\n<p>Estamos en contacto con nuestros clientes d\u00e1ndoles asesor\u00eda v\u00eda telef\u00f3nica o por WhatsApp.<\/p>\n<p><strong>MEDIDAS:<\/strong><\/p>\n<p style=\"text-align: center;\"><em><span style=\"color: #333399;\"><span class=\"x19la9d6 x1fc57z9 x6ikm8r x10wlt62 x19co3pv x1g5zs5t xfibh0p xiy17q3 x1xsqp64 x1lkfr7t xexx8yu x4uap5 x18d9i69 xkhd6sd\"><span class=\"xrtxmta x1bhl96m\">\ud83e\uded3 <\/span><\/span>UNA TORTILLA <span class=\"x19la9d6 x1fc57z9 x6ikm8r x10wlt62 x19co3pv x1g5zs5t xfibh0p xiy17q3 x1xsqp64 x1lkfr7t xexx8yu x4uap5 x18d9i69 xkhd6sd\"><span class=\"xrtxmta x1bhl96m\">\ud83e\uded3<\/span><\/span><\/span><\/em><br \/>\n<span style=\"color: #ff6600;\"><strong>BANDA ENFRIADORA DE 5 NIVELES<\/strong><\/span> <em>(1 tortilla)<\/em> Ancho de .45 por 3 m. de largo y de alto 1.40<\/p>\n<p style=\"text-align: center;\"><span style=\"color: #ff6600;\"><strong>BANDA ENFRIADORA DE 3 NIVELES<\/strong><\/span> <em>(1 tortilla)<\/em> Ancho de .45 por 3 m. de largo y de alto 1.40<\/p>\n<p style=\"text-align: center;\"><em><span class=\"x19la9d6 x1fc57z9 x6ikm8r x10wlt62 x19co3pv x1g5zs5t xfibh0p xiy17q3 x1xsqp64 x1lkfr7t xexx8yu x4uap5 x18d9i69 xkhd6sd\"><span class=\"xrtxmta x1bhl96m\">\ud83e\uded3 <\/span><\/span><span style=\"color: #333399;\">DOBLE TORTILLA<\/span> <span class=\"x19la9d6 x1fc57z9 x6ikm8r x10wlt62 x19co3pv x1g5zs5t xfibh0p xiy17q3 x1xsqp64 x1lkfr7t xexx8yu x4uap5 x18d9i69 xkhd6sd\"><span class=\"xrtxmta x1bhl96m\">\ud83e\uded3<\/span><\/span><\/em><\/p>\n<p style=\"text-align: center;\"><span style=\"color: #ff6600;\"><strong>BANDA ENFRIADORA DE 5 NIVELES<\/strong><\/span> <em>(2 tortilla)<\/em> Ancho de .75 por 3 m. de largo y de alto 1.40<\/p>\n<p style=\"text-align: center;\"><span style=\"color: #ff6600;\"><strong>BANDA ENFRIADORA DE 3 NIVELES<\/strong><\/span> <em>(2 tortilla)<\/em> Ancho de .75 por 3 m. de largo y de alto 1.40<\/p>\n<p><strong>PRODUCCI\u00d3N:<\/strong><br \/>\n2,500 testales por hora aproximadamente.<\/p>\n<p><strong>CARACTER\u00cdSTICAS:<\/strong><br \/>\n\ud83d\udcddFabricada en acero.<br \/>\n\ud83d\udcddCorriente 110 o 220 seg\u00fan sus necesidades.<br \/>\n\ud83d\udcddEnfr\u00eda tortilla hasta 45 cm<br \/>\n\ud83d\udcddLos resbaladeros son de acero inoxidable.<br \/>\n\ud83d\udcddLa malla es galvanizada.<br \/>\n\ud83d\udcddSe puede fabricar con las medidas que requiera.<br \/>\n\ud83d\udcddEsta m\u00e1quina lleva un control para regular la velocidad de la banda enfriadora.\u00a0 \u00a0 \u00a0 \u00a0 \u00a0 \u00a0 \u00a0 \u00a0 \u00a0 \u00a0 \u00a0 \u00a0 \u00a0 \u00a0 \u00a0 \u00a0 \u00a0 \u00a0 \u00a0 \u00a0 \u00a0 \u00a0 \u00a0 \u00a0 \u00a0 \u00a0 \u00a0 \u00a0 \u00a0 \u00a0 \u00a0 \u00a0 \u00a0 \u00a0 \u00a0 \u00a0 \u00a0 \u00a0 \u00a0 \u00a0 \u00a0 \u00a0 \u00a0 \u00a0 \u00a0 \u00a0 \u00a0 \u00a0 \u00a0 \u00a0 \u00a0 \ud83d\udcddPuedes agregar accesorios como abanicos para completar un equipo completo.<\/p>\n<p><strong>TIEMPO DE ENTREGA:<\/strong><br \/>\nDe 2 a 5 Semanas, Se paga el 50% al ordenar y el resto al estar lista la m\u00e1quina<\/p>\n<p><strong>ENTREGA EXPRESS:\u00a0<\/strong><br \/>\nDe 2 a 10 d\u00edas siendo el pago es de contado directamente a la cuenta de EINGMEX<\/p>\n<p>Tambi\u00e9n podemos enviar a Estados Unidos, Canad\u00e1, San Jos\u00e9 Costa Rica, Guatemala etc.<\/p>\n<p style=\"text-align: center;\">\ud83d\ude80\ud83d\ude9bPara realizar la cotizaci\u00f3n env\u00edanos mediante la secci\u00f3n de contacto o nuestro chat \u00a0los siguientes datos.<br \/>\nSi requiere el env\u00edo a domicilio o ocurre.<br \/>\nPa\u00eds o Municipio.<br \/>\nC.P<\/p>\n<p><strong>GARANT\u00cdA<\/strong><br \/>\nLa garant\u00eda de 6 meses contra defecto de fabricaci\u00f3n; Tambi\u00e9n se les env\u00eda un video por correo o por Whatsapp\u00a0 antes de enviarla en el cual consta en buen funcionamiento de la maquina o en su caso puede venir el cliente a checar el funcionamiento de la misma a nuestro taller.<\/p>\n<p><strong>METODOS DE PAGO<\/strong><\/p>\n<p>\ud83d\udcccEfectivo pagando en nuestro taller ubicado en Monterrey y General Escobedo, Nuevo Leon.<\/p>\n<p>\ud83d\udcccTransferencia o Dep\u00f3sitos Bancarios<\/p>\n<p>\ud83d\udcccPago con Tarjeta de Debito o Cr\u00e9dito<\/p>\n<p><em>Si usted se ubica en otro estado o pa\u00eds puede realizar pagos con tarjetas de debito o cr\u00e9dito mediante Mercado libre o ligas de pago<\/em><\/p>\n<p>&nbsp;<\/p>\n","protected":false},"excerpt":{"rendered":"<p>&nbsp; ESPECIFICACIONES: Esta maquina es indispensable para un buen enfriado del producto. La tortilla sale a una temperatura de empaque al final ayudando a que su proceso de producci\u00f3n sea&#8230;<\/p>\n","protected":false},"featured_media":695,"comment_status":"open","ping_status":"closed","template":"","meta":[],"product_brand":[],"product_cat":[18],"product_tag":[],"class_list":{"0":"post-225","1":"product","2":"type-product","3":"status-publish","4":"has-post-thumbnail","6":"product_cat-tortilleria-de-harina","8":"first","9":"instock","10":"shipping-taxable","11":"purchasable","12":"product-type-variable"},"_links":{"self":[{"href":"https:\/\/eingmex.com\/index.php?rest_route=\/wp\/v2\/product\/225","targetHints":{"allow":["GET"]}}],"collection":[{"href":"https:\/\/eingmex.com\/index.php?rest_route=\/wp\/v2\/product"}],"about":[{"href":"https:\/\/eingmex.com\/index.php?rest_route=\/wp\/v2\/types\/product"}],"replies":[{"embeddable":true,"href":"https:\/\/eingmex.com\/index.php?rest_route=%2Fwp%2Fv2%2Fcomments&post=225"}],"wp:featuredmedia":[{"embeddable":true,"href":"https:\/\/eingmex.com\/index.php?rest_route=\/wp\/v2\/media\/695"}],"wp:attachment":[{"href":"https:\/\/eingmex.com\/index.php?rest_route=%2Fwp%2Fv2%2Fmedia&parent=225"}],"wp:term":[{"taxonomy":"product_brand","embeddable":true,"href":"https:\/\/eingmex.com\/index.php?rest_route=%2Fwp%2Fv2%2Fproduct_brand&post=225"},{"taxonomy":"product_cat","embeddable":true,"href":"https:\/\/eingmex.com\/index.php?rest_route=%2Fwp%2Fv2%2Fproduct_cat&post=225"},{"taxonomy":"product_tag","embeddable":true,"href":"https:\/\/eingmex.com\/index.php?rest_route=%2Fwp%2Fv2%2Fproduct_tag&post=225"}],"curies":[{"name":"wp","href":"https:\/\/api.w.org\/{rel}","templated":true}]}}