{"id":230,"date":"2023-03-10T18:59:58","date_gmt":"2023-03-10T18:59:58","guid":{"rendered":"https:\/\/maqnusa.com\/?post_type=product&#038;p=230"},"modified":"2025-04-05T16:41:05","modified_gmt":"2025-04-05T22:41:05","slug":"cortadora-automatica","status":"publish","type":"product","link":"https:\/\/eingmex.com\/?product=cortadora-automatica","title":{"rendered":"Cortadora autom\u00e1tica"},"content":{"rendered":"<div style=\"width: 1080px;\" class=\"wp-video\"><video class=\"wp-video-shortcode\" id=\"video-230-1\" width=\"1080\" height=\"608\" preload=\"metadata\" controls=\"controls\"><source type=\"video\/mp4\" src=\"https:\/\/eingmex.com\/wp-content\/uploads\/2023\/03\/Brown-White-Stop-Motion-Flat-Lay-Notebook-Motivational-Quote-Video-Message-2.mp4?_=1\" \/><a href=\"https:\/\/eingmex.com\/wp-content\/uploads\/2023\/03\/Brown-White-Stop-Motion-Flat-Lay-Notebook-Motivational-Quote-Video-Message-2.mp4\">https:\/\/eingmex.com\/wp-content\/uploads\/2023\/03\/Brown-White-Stop-Motion-Flat-Lay-Notebook-Motivational-Quote-Video-Message-2.mp4<\/a><\/video><\/div>\n<table border=\"1\" cellspacing=\"1\" cellpadding=\"1\">\n<tbody>\n<tr>\n<td>$35,000 MXN Sin Guarda<\/td>\n<td>$40,000 MXN Con Guarda<\/td>\n<\/tr>\n<\/tbody>\n<\/table>\n<p><strong>ESPECIFICACIONES<\/strong><br \/>\nEsta m\u00e1quina corta testales desde 7 gr. hasta 200 gr. con diferentes conos. Siendo una de las pocas m\u00e1quinas que cuenta con control para regular el tama\u00f1o de corte, Dando una rapidez y precisi\u00f3n al mismo, agilizando el proceso de elaboraci\u00f3n de la tortilla. Siendo una m\u00e1quina muy eficiente por su sencilla y pr\u00e1ctica elaboraci\u00f3n.<\/p>\n<p>Se puede usar este tipo de m\u00e1quina tambi\u00e9n para el corte de masa de pizzas, galletas o pan. Solo que el dise\u00f1o y precio var\u00eda por sus dimensiones al fabricar.<\/p>\n<p>Tambi\u00e9n esta disponible con guarda \u00a0(Cubierta superior) para su mayor seguridad y una f\u00e1cil limpieza, La cual cuenta con un pl\u00e1stico en la parte delantera de alto impacto y transparente para que se pueda ver el funcionamiento del corte.<\/p>\n<p>Se pueden solicitar conos adicionales los cuales cuentan con rosca y se pueden adaptar a la maquina, dependiendo el tama\u00f1o de corte del testal esto para hacer la maquina aun mas r\u00e1pida en los cortes.<\/p>\n<p>C\u00f3mo somos fabricantes nos adaptamos a lo que el cliente necesite realizando pruebas y haciendo modificaciones en nuestras m\u00e1quinas.<\/p>\n<p>Estamos en contacto con nuestros clientes d\u00e1ndoles asesor\u00eda v\u00eda telef\u00f3nica o por WhatsApp.<\/p>\n<p><strong>MEDIDAS:<\/strong><br \/>\nAncho de .60 cm. por 60 cm. de largo y de alto 1.40<\/p>\n<p><strong>PRODUCCI\u00d3N:<\/strong><br \/>\nMas de 1,700 testales por hora aproximadamente.<\/p>\n<p><strong>CARACTER\u00cdSTICAS:<\/strong><br \/>\n*Corriente 110 o 220 seg\u00fan sus necesidades.<br \/>\n*Corta masa desde 15 Gr. hasta 200 Gr.<br \/>\n*Si requiere que corte m\u00e1s gramos se puede fabricar de acuerdo a lo que requiera el cliente.<br \/>\n*Tolva, gusano y navaja de acero inoxidable.<br \/>\n*Tiene 2 motores 1 en la navaja y el 2do. en el gusano.<br \/>\n*Contiene un control que es el que regula el tama\u00f1o del testal.<br \/>\n*Se pueden fabricar conos adicionales darle m\u00e1s rapidez a los tama\u00f1os del testal.<br \/>\n*Como cuenta con el control y se intercambian los conos puede bolear y cortar todos los tama\u00f1os que necesite.<br \/>\n\u201cSe puede adaptar a cualquier boleadora\u201d.<\/p>\n<p><strong>TIEMPO DE ENTREGA:<\/strong><br \/>\nDe 2 a 5 Semanas, Se paga el 50% al ordenar y el resto al estar lista la m\u00e1quina<\/p>\n<p><strong>ENTREGA EXPRESS\u00a0<\/strong><br \/>\nDe 2 a 10 d\u00edas siendo el pago es de contado directamente a la cuenta de EINGMEX<\/p>\n<p>Tambi\u00e9n podemos enviar a Estados Unidos, Canad\u00e1, San Jos\u00e9 Costa Rica, Guatemala etc.<\/p>\n<p>Para realizar la cotizaci\u00f3n envianos mediante la seccion de contacto o nuestro chat \u00a0los siguientes datos.<br \/>\nSi requiere el env\u00edo a domicilio o ocurre.<br \/>\nPa\u00eds o Municipio.<br \/>\nC.P<\/p>\n<p><strong>GARANT\u00cdA<\/strong><br \/>\nLa garant\u00eda de 6 meses contra defecto de fabricaci\u00f3n, Tambien se les env\u00eda un video por correo o por Whatsapp antes de enviarla en el cual consta en buen funcionamiento de la maquina o en su caso puede venir el cliente a checar el funcionamiento de la misma a nuestro taller.<\/p>\n<p><strong>METODOS DE PAGO<\/strong><\/p>\n<p>*Efectivo pagando en nuestro taller ubicado en Monterrey y General Escobedo, Nuevo Leon.<\/p>\n<p>*Transferencia o Dep\u00f3sitos Bancarios<\/p>\n<p>*Pago con Tarjeta de Debito o Cr\u00e9dito<\/p>\n<p>*Si usted se ubica en otro estado o pa\u00eds puede realizar pagos con tarjetas de debito o cr\u00e9dito mediante Links de Pago<\/p>\n<p><strong>Nota:<\/strong><br \/>\nEsta m\u00e1quina es pr\u00e1cticamente nueva lo \u00fanico que es usado es el motorreductor, el cual es probado anteriormente por una persona especializada para su buen funcionamiento ya que si fueran nuevos se elevar\u00eda demasiado el precio de la m\u00e1quina.<\/p>\n<p>GARANT\u00cdA<br \/>\nDe 6 meses contra defecto de fabricaci\u00f3n, excepto en lo el\u00e9ctrico. Tambi\u00e9n para su mayor tranquilidad enviamos un video antes de enviarla la m\u00e1quina, el cual consta en buen funcionamiento de la m\u00e1quina o en su caso puede venir el cliente personalmente a checar el funcionamiento de la misma.<\/p>\n<p>Nota:<br \/>\nEsta m\u00e1quina es pr\u00e1cticamente nueva lo \u00fanico que es usado son los reductores, los cuales son probados anteriormente por una persona especializada para su buen funcionamiento ya que si fueran nuevos se elevar\u00eda demasiado el precio de la m\u00e1quina.<\/p>\n","protected":false},"excerpt":{"rendered":"<p>$35,000 MXN Sin Guarda $40,000 MXN Con Guarda ESPECIFICACIONES Esta m\u00e1quina corta testales desde 7 gr. hasta 200 gr. con diferentes conos. Siendo una de las pocas m\u00e1quinas que cuenta&#8230;<\/p>\n","protected":false},"featured_media":682,"comment_status":"open","ping_status":"closed","template":"","meta":[],"product_brand":[],"product_cat":[18],"product_tag":[],"class_list":{"0":"post-230","1":"product","2":"type-product","3":"status-publish","4":"has-post-thumbnail","6":"product_cat-tortilleria-de-harina","8":"first","9":"instock","10":"shipping-taxable","11":"purchasable","12":"product-type-variable"},"_links":{"self":[{"href":"https:\/\/eingmex.com\/index.php?rest_route=\/wp\/v2\/product\/230","targetHints":{"allow":["GET"]}}],"collection":[{"href":"https:\/\/eingmex.com\/index.php?rest_route=\/wp\/v2\/product"}],"about":[{"href":"https:\/\/eingmex.com\/index.php?rest_route=\/wp\/v2\/types\/product"}],"replies":[{"embeddable":true,"href":"https:\/\/eingmex.com\/index.php?rest_route=%2Fwp%2Fv2%2Fcomments&post=230"}],"wp:featuredmedia":[{"embeddable":true,"href":"https:\/\/eingmex.com\/index.php?rest_route=\/wp\/v2\/media\/682"}],"wp:attachment":[{"href":"https:\/\/eingmex.com\/index.php?rest_route=%2Fwp%2Fv2%2Fmedia&parent=230"}],"wp:term":[{"taxonomy":"product_brand","embeddable":true,"href":"https:\/\/eingmex.com\/index.php?rest_route=%2Fwp%2Fv2%2Fproduct_brand&post=230"},{"taxonomy":"product_cat","embeddable":true,"href":"https:\/\/eingmex.com\/index.php?rest_route=%2Fwp%2Fv2%2Fproduct_cat&post=230"},{"taxonomy":"product_tag","embeddable":true,"href":"https:\/\/eingmex.com\/index.php?rest_route=%2Fwp%2Fv2%2Fproduct_tag&post=230"}],"curies":[{"name":"wp","href":"https:\/\/api.w.org\/{rel}","templated":true}]}}