{"id":233,"date":"2023-03-10T19:19:44","date_gmt":"2023-03-10T19:19:44","guid":{"rendered":"https:\/\/maqnusa.com\/?post_type=product&#038;p=233"},"modified":"2025-03-20T21:20:58","modified_gmt":"2025-03-21T03:20:58","slug":"charola-galvanizada","status":"publish","type":"product","link":"https:\/\/eingmex.com\/?product=charola-galvanizada","title":{"rendered":"Charola galvanizada"},"content":{"rendered":"<p><strong>ESPECIFICACIONES:<\/strong><br \/>\nLas charolas son indispensables para el acomodo del testal ya que en esta charola se acomodan los testales en hileras y filas para que no se maltraten y as\u00ed lleguen al reposo total el cual es el que le da acabado al testal ya que si el testal no llega a estar bien reposado la tortilla no llegara a estar redonda.<\/p>\n<p><strong>MEDIDAS:<\/strong><br \/>\nAncho 45 X 65 cm.<\/p>\n<p><strong>PRODUCCION:<\/strong><br \/>\n230 testales por charola.<\/p>\n<p><strong>CARACTERISTICAS:<\/strong><br \/>\n*Material l\u00e1mina galvanizada.<br \/>\n*Color gris plata<\/p>\n<p><strong>TIEMPO DE ENTREGA<\/strong><\/p>\n<p>De 1 a 2 d\u00edas h\u00e1biles<\/p>\n<p><strong>FLETE<\/strong><\/p>\n<p>A ocurre corre por cuenta del comprador, Realizamos env\u00edos Nacionales e Internacionales.\u00a0Para realizar la cotizaci\u00f3n env\u00edenos mediante la secci\u00f3n de contacto o nuestro chat \u00a0los siguientes datos. Pa\u00eds, Ciudad, Municipio o Localidad y su Cp.<br \/>\n<strong>GARANTIA<\/strong><\/p>\n<p>La garant\u00eda de 6 meses contra defecto de fabricaci\u00f3n , Tambien se les env\u00eda un video por correo o por Whatsapp antes de enviarla en el cual consta en buen funcionamiento de la maquina o en su caso puede venir el cliente a checar el funcionamiento de la misma a nuestro taller.<\/p>\n<p><strong>METODOS DE PAGO<\/strong><\/p>\n<p>*Efectivo pagando en nuestro taller ubicado en Monterrey o en nuestras oficinas en General Escobedo<\/p>\n<p>*Transferencia o Dep\u00f3sitos Bancarios<\/p>\n<p>*Pago con Tarjeta de Debito o Cr\u00e9dito<\/p>\n<p>*Si usted se ubica en otro estado o pa\u00eds puede realizar pagos con tarjetas de debito o cr\u00e9dito mediante Links de Pago<\/p>\n<p>&nbsp;<\/p>\n<p>&nbsp;<\/p>\n","protected":false},"excerpt":{"rendered":"<p>ESPECIFICACIONES: Las charolas son indispensables para el acomodo del testal ya que en esta charola se acomodan los testales en hileras y filas para que no se maltraten y as\u00ed&#8230;<\/p>\n","protected":false},"featured_media":679,"comment_status":"open","ping_status":"closed","template":"","meta":[],"product_brand":[],"product_cat":[18],"product_tag":[],"class_list":{"0":"post-233","1":"product","2":"type-product","3":"status-publish","4":"has-post-thumbnail","6":"product_cat-tortilleria-de-harina","8":"first","9":"instock","10":"shipping-taxable","11":"purchasable","12":"product-type-simple"},"_links":{"self":[{"href":"https:\/\/eingmex.com\/index.php?rest_route=\/wp\/v2\/product\/233","targetHints":{"allow":["GET"]}}],"collection":[{"href":"https:\/\/eingmex.com\/index.php?rest_route=\/wp\/v2\/product"}],"about":[{"href":"https:\/\/eingmex.com\/index.php?rest_route=\/wp\/v2\/types\/product"}],"replies":[{"embeddable":true,"href":"https:\/\/eingmex.com\/index.php?rest_route=%2Fwp%2Fv2%2Fcomments&post=233"}],"wp:featuredmedia":[{"embeddable":true,"href":"https:\/\/eingmex.com\/index.php?rest_route=\/wp\/v2\/media\/679"}],"wp:attachment":[{"href":"https:\/\/eingmex.com\/index.php?rest_route=%2Fwp%2Fv2%2Fmedia&parent=233"}],"wp:term":[{"taxonomy":"product_brand","embeddable":true,"href":"https:\/\/eingmex.com\/index.php?rest_route=%2Fwp%2Fv2%2Fproduct_brand&post=233"},{"taxonomy":"product_cat","embeddable":true,"href":"https:\/\/eingmex.com\/index.php?rest_route=%2Fwp%2Fv2%2Fproduct_cat&post=233"},{"taxonomy":"product_tag","embeddable":true,"href":"https:\/\/eingmex.com\/index.php?rest_route=%2Fwp%2Fv2%2Fproduct_tag&post=233"}],"curies":[{"name":"wp","href":"https:\/\/api.w.org\/{rel}","templated":true}]}}