{"id":235,"date":"2023-03-10T19:23:02","date_gmt":"2023-03-10T19:23:02","guid":{"rendered":"https:\/\/maqnusa.com\/?post_type=product&#038;p=235"},"modified":"2025-03-20T21:15:52","modified_gmt":"2025-03-21T03:15:52","slug":"mesa-enfriadora-para-tortillas","status":"publish","type":"product","link":"https:\/\/eingmex.com\/?product=mesa-enfriadora-para-tortillas","title":{"rendered":"Mesa enfriadora para tortillas"},"content":{"rendered":"<p><strong>ESPECIFICACIONES:<\/strong><br \/>\nEsta mesa es indispensable para el enfriamiento de las tortillas. Y se le pueden a\u00f1adir abanicos en la parte inferior de la misma para que as\u00ed el enfriado de la tortilla sea m\u00e1s r\u00e1pido. Esta mesa lleva una entrada para que la persona que ese en ese proceso, entre en ese resaque y as\u00ed tenga a su alcance el mayor n\u00famero de tortillas y sea as\u00ed m\u00e1s r\u00e1pido este proceso. Y se puede hacer con las medidas que el cliente requiera de acuerdo a su espacio.<\/p>\n<p>C\u00f3mo somos fabricantes nos adaptamos a lo que el cliente necesite realizando pruebas y haciendo modificaciones en nuestras m\u00e1quinas.<\/p>\n<p>Estamos en contacto con nuestros clientes d\u00e1ndoles asesor\u00eda v\u00eda telef\u00f3nica o por WhatsApp.<\/p>\n<p><strong>MEDIDAS:<\/strong><br \/>\nAncho de 1 metro por 1.70 y de alto .90<\/p>\n<p>PRODUCCION:<br \/>\nCaben aproximadamente de 70 a 80 tortillas bien acomodadas.<\/p>\n<p><strong>CARACTERISTICAS:<\/strong><br \/>\n*Fabricada en Acero<br \/>\n*Malla galvanizada con perforaciones.<br \/>\n*Lleva en las patas tapo<\/p>\n<p><strong>TIEMPO DE ENTREGA:<\/strong><br \/>\nDe 10 a 15 dias, Se paga el 50% al ordenar y el resto al estar lista la mesa.<\/p>\n<p><strong>ENTREGA EXPRESS:<\/strong><br \/>\nDe 2 a 5 d\u00edas siendo el pago es de contado directamente a la cuenta de EINGMEX<\/p>\n<p>Tambi\u00e9n podemos enviar a Estados Unidos, Canad\u00e1, San Jos\u00e9 Costa Rica, Guatemala etc.<\/p>\n<p>Para realizar la cotizaci\u00f3n env\u00edanos mediante la secci\u00f3n de contacto o nuestro chat \u00a0los siguientes datos.<br \/>\nSi requiere el env\u00edo a domicilio o ocurre.<br \/>\nPa\u00eds o Municipio.<br \/>\nC.P.<\/p>\n<p><strong>GARANT\u00cdA<\/strong><br \/>\nLa garant\u00eda de 6 meses contra defecto de fabricaci\u00f3n, Tambi\u00e9n se les env\u00eda un video por correo o por Whatsapp\u00a0 antes de enviarla en el cual consta en buen funcionamiento de la maquina o en su caso puede venir el cliente a checar el funcionamiento de la misma a nuestro taller.<\/p>\n<p><strong>METODOS DE PAGO<\/strong><\/p>\n<p>*Efectivo pagando en nuestro taller ubicado en Monterrey y nuestras oficinas en General Escobedo, Nuevo Leon.<\/p>\n<p>*Transferencia o Dep\u00f3sitos Bancarios<\/p>\n<p>*Pago con Tarjeta de Debito o Cr\u00e9dito<\/p>\n<p>*Si usted se ubica en otro estado o pa\u00eds puede realizar pagos con tarjetas de debito o cr\u00e9dito mediante Links de Pago<\/p>\n<p><strong>Nota:<\/strong><br \/>\nEsta m\u00e1quina es pr\u00e1cticamente nueva lo \u00fanico que es usado es el motorreductor, el cual es probado anteriormente por una persona especializada para su buen funcionamiento ya que si fueran nuevos se elevar\u00eda demasiado el precio de la m\u00e1quina.<\/p>\n<p>GARANT\u00cdA<br \/>\nDe 6 meses contra defecto de fabricaci\u00f3n.<\/p>\n<p>Nota:<br \/>\nEsta mesa se puede elaborar con otras medidas solicitadas por el cliente de acuerdo a sus necesidades o espacio requerido<\/p>\n","protected":false},"excerpt":{"rendered":"<p>ESPECIFICACIONES: Esta mesa es indispensable para el enfriamiento de las tortillas. Y se le pueden a\u00f1adir abanicos en la parte inferior de la misma para que as\u00ed el enfriado de&#8230;<\/p>\n","protected":false},"featured_media":677,"comment_status":"open","ping_status":"closed","template":"","meta":[],"product_brand":[],"product_cat":[18],"product_tag":[],"class_list":{"0":"post-235","1":"product","2":"type-product","3":"status-publish","4":"has-post-thumbnail","6":"product_cat-tortilleria-de-harina","8":"first","9":"instock","10":"shipping-taxable","11":"purchasable","12":"product-type-simple"},"_links":{"self":[{"href":"https:\/\/eingmex.com\/index.php?rest_route=\/wp\/v2\/product\/235","targetHints":{"allow":["GET"]}}],"collection":[{"href":"https:\/\/eingmex.com\/index.php?rest_route=\/wp\/v2\/product"}],"about":[{"href":"https:\/\/eingmex.com\/index.php?rest_route=\/wp\/v2\/types\/product"}],"replies":[{"embeddable":true,"href":"https:\/\/eingmex.com\/index.php?rest_route=%2Fwp%2Fv2%2Fcomments&post=235"}],"wp:featuredmedia":[{"embeddable":true,"href":"https:\/\/eingmex.com\/index.php?rest_route=\/wp\/v2\/media\/677"}],"wp:attachment":[{"href":"https:\/\/eingmex.com\/index.php?rest_route=%2Fwp%2Fv2%2Fmedia&parent=235"}],"wp:term":[{"taxonomy":"product_brand","embeddable":true,"href":"https:\/\/eingmex.com\/index.php?rest_route=%2Fwp%2Fv2%2Fproduct_brand&post=235"},{"taxonomy":"product_cat","embeddable":true,"href":"https:\/\/eingmex.com\/index.php?rest_route=%2Fwp%2Fv2%2Fproduct_cat&post=235"},{"taxonomy":"product_tag","embeddable":true,"href":"https:\/\/eingmex.com\/index.php?rest_route=%2Fwp%2Fv2%2Fproduct_tag&post=235"}],"curies":[{"name":"wp","href":"https:\/\/api.w.org\/{rel}","templated":true}]}}