{"id":277,"date":"2023-03-16T22:46:01","date_gmt":"2023-03-16T22:46:01","guid":{"rendered":"https:\/\/maqnusa.com\/?post_type=product&#038;p=277"},"modified":"2025-03-28T15:08:36","modified_gmt":"2025-03-28T21:08:36","slug":"amasadora-de-espiral","status":"publish","type":"product","link":"https:\/\/eingmex.com\/?product=amasadora-de-espiral","title":{"rendered":"Amasadora de espiral"},"content":{"rendered":"<p>&nbsp;<\/p>\n<p><center><br \/>\n<iframe loading=\"lazy\" title=\"YouTube video player\" src=\"https:\/\/eingmex.com\/wp-content\/uploads\/2023\/03\/Video-Amasadora-de-espiral-Eingmex.mp4\" width=\"500px\" height=\"500px\" frameborder=\"0\" allowfullscreen=\"allowfullscreen\"><\/iframe><\/center><strong>PRECIOS SEGUN EL ACABADO:<\/strong><\/p>\n<table border=\"1\" cellspacing=\"1\" cellpadding=\"1\">\n<tbody>\n<tr>\n<td><strong>Amasadoras de 1 Velocidad<\/strong><\/td>\n<td><\/td>\n<td><\/td>\n<td><\/td>\n<\/tr>\n<tr>\n<td>Capacidad<\/td>\n<td>Precio Laminada con Cazo de Acero Inoxidable<\/td>\n<td>Precio Laminada<\/td>\n<td>Precio Brillante<\/td>\n<\/tr>\n<tr>\n<td>20 Kilos<\/td>\n<td>$25,200 MXN<\/td>\n<td>$22,600 MXN<\/td>\n<td>$26,800 MXN<\/td>\n<\/tr>\n<tr>\n<td>30 Kilos<\/td>\n<td>$27,600 MXN<\/td>\n<td>$26,000 MXN<\/td>\n<td>$29,200 MXN<\/td>\n<\/tr>\n<tr>\n<td><strong>Amasadoras de 3 Velocidades<\/strong><\/td>\n<td><\/td>\n<td><\/td>\n<td><\/td>\n<\/tr>\n<tr>\n<td>10 Kilos<\/td>\n<td><\/td>\n<td><\/td>\n<td>$24,400 MXN<\/td>\n<\/tr>\n<tr>\n<td>20 Kilos<\/td>\n<td>$29,200 MXN<\/td>\n<td>$27,600 MXN<\/td>\n<td>$30,800 MXN<\/td>\n<\/tr>\n<tr>\n<td>30 Kilos<\/td>\n<td>$40,000 MXN<\/td>\n<td>$32,400 MXN<\/td>\n<td>$34,00 MXN<\/td>\n<\/tr>\n<tr>\n<td>40 Kilos<\/p>\n<p>50 Kilos<\/td>\n<td>$42,000 MXN<\/p>\n<p>&nbsp;<\/td>\n<td><\/td>\n<td>$43,600 MXN<\/p>\n<p>$44,000 MXN<\/td>\n<\/tr>\n<tr>\n<td>60 Kilos (Bif\u00e1sica)<\/td>\n<td><\/td>\n<td><\/td>\n<td>$48,800 MXN<\/td>\n<\/tr>\n<tr>\n<td>80 Kilos (Trif\u00e1sica)<\/p>\n<p>100 Kilos (Trifasica)<\/p>\n<p>120 Kilos (Trifasica)<\/td>\n<td><\/td>\n<td><\/td>\n<td>$51,300 MXN<\/p>\n<p>$56,800 MXN<\/p>\n<p>$63,100 MXN<\/td>\n<\/tr>\n<\/tbody>\n<\/table>\n<p><strong>FUNCION DE LA MAQUINA:<\/strong><\/p>\n<p>Especial para todo tipo de masas pesadas, especiales para trabajo pesado, constante y silencioso al momento de trabajar.<\/p>\n<p>Nuestra gama de amasadoras para pan garantiza, por su calidad un perfecto amasado, Ya que amasa y refina harina, agua, sal, levadura e incluso masa madre de forma r\u00e1pida y eficaz.<\/p>\n<p>Eficiente ahorro energ\u00e9tico y tiempo de amasado y refinado.<\/p>\n<p><strong>MEDIDAS:<\/strong><\/p>\n<p>De la de 30 Kilos Ancho de .60 por 1.20 y de alto 1.30 (Pregunta las medidas de tu favorita)<\/p>\n<p><strong>ESPECIFICACIONES:<\/strong><\/p>\n<p>\ud83d\udcddAra\u00f1a y cuchilla de fierro dulce esta\u00f1ado o cromado<\/p>\n<p>\ud83d\udcddCazo de Placa o de Inoxidable seg\u00fan lo requiera<\/p>\n<p>\ud83d\udcddAcabado Brillante (Acero Inoxidable)<\/p>\n<p>\ud83d\udcddAcabado Laminada (Esmaltado)<\/p>\n<p>\ud83d\udcddAcabado Laminado con Cazo de Acero Inoxidable<\/p>\n<p>\ud83d\udcddCorriente 110 o 220 seg\u00fan sus necesidades<\/p>\n<p>\ud83d\udcddLas manejamos de 1 o de 3 Velocidades<\/p>\n<p>\ud83d\udcddTracci\u00f3n en cazo y en espiral<\/p>\n<p><strong>TIEMPO DE ENTREGA<\/strong><\/p>\n<p>De 3 a 5 d\u00edas h\u00e1biles.<\/p>\n<p><strong>FLETE<\/strong><\/p>\n<p>A ocurre corre por cuenta del comprador, Realizamos env\u00edos Nacionales e Internacionales.\u00a0Para realizar la cotizaci\u00f3n env\u00edenos mediante la secci\u00f3n de contacto o nuestro chat \u00a0los siguientes datos. Pa\u00eds, Ciudad, Municipio o Localidad y su Cp.<\/p>\n<p><strong>GARANTIA<\/strong><\/p>\n<p>La garant\u00eda de 6 meses contra defecto de fabricaci\u00f3n.<\/p>\n<p><strong>ENVIOS FORANEOS<\/strong><\/p>\n<p>Se les env\u00eda un video por correo o por Whatsapp antes de enviarla en el cual consta en buen funcionamiento de la maquina o en su caso puede venir el cliente a checar el funcionamiento de la misma a nuestro taller.<\/p>\n<p><strong>METODOS DE PAGO<\/strong><\/p>\n<p>\ud83d\udcccEfectivo pagando en nuestro taller ubicado en Monterrey, Nuevo Leon.<\/p>\n<p>\ud83d\udcccTransferencia o Dep\u00f3sitos Bancarios directamente a la cuenta de EINGMEX<\/p>\n<p>\ud83d\udcccPago con Tarjeta de Debito o Cr\u00e9dito<\/p>\n<p><em>Si usted se ubica en otro estado o pa\u00eds puede realizar pagos con tarjetas de debito o cr\u00e9dito mediante Links de Pago o en nuestra cuenta de mercado libre.<\/em><\/p>\n","protected":false},"excerpt":{"rendered":"<p>&nbsp; PRECIOS SEGUN EL ACABADO: Amasadoras de 1 Velocidad Capacidad Precio Laminada con Cazo de Acero Inoxidable Precio Laminada Precio Brillante 20 Kilos $25,200 MXN $22,600 MXN $26,800 MXN 30&#8230;<\/p>\n","protected":false},"featured_media":773,"comment_status":"open","ping_status":"closed","template":"","meta":[],"product_brand":[],"product_cat":[19],"product_tag":[],"class_list":{"0":"post-277","1":"product","2":"type-product","3":"status-publish","4":"has-post-thumbnail","6":"product_cat-panaderias","8":"first","9":"instock","10":"shipping-taxable","11":"purchasable","12":"product-type-variable"},"_links":{"self":[{"href":"https:\/\/eingmex.com\/index.php?rest_route=\/wp\/v2\/product\/277","targetHints":{"allow":["GET"]}}],"collection":[{"href":"https:\/\/eingmex.com\/index.php?rest_route=\/wp\/v2\/product"}],"about":[{"href":"https:\/\/eingmex.com\/index.php?rest_route=\/wp\/v2\/types\/product"}],"replies":[{"embeddable":true,"href":"https:\/\/eingmex.com\/index.php?rest_route=%2Fwp%2Fv2%2Fcomments&post=277"}],"wp:featuredmedia":[{"embeddable":true,"href":"https:\/\/eingmex.com\/index.php?rest_route=\/wp\/v2\/media\/773"}],"wp:attachment":[{"href":"https:\/\/eingmex.com\/index.php?rest_route=%2Fwp%2Fv2%2Fmedia&parent=277"}],"wp:term":[{"taxonomy":"product_brand","embeddable":true,"href":"https:\/\/eingmex.com\/index.php?rest_route=%2Fwp%2Fv2%2Fproduct_brand&post=277"},{"taxonomy":"product_cat","embeddable":true,"href":"https:\/\/eingmex.com\/index.php?rest_route=%2Fwp%2Fv2%2Fproduct_cat&post=277"},{"taxonomy":"product_tag","embeddable":true,"href":"https:\/\/eingmex.com\/index.php?rest_route=%2Fwp%2Fv2%2Fproduct_tag&post=277"}],"curies":[{"name":"wp","href":"https:\/\/api.w.org\/{rel}","templated":true}]}}