{"id":284,"date":"2023-03-16T23:19:46","date_gmt":"2023-03-16T23:19:46","guid":{"rendered":"https:\/\/maqnusa.com\/?post_type=product&#038;p=284"},"modified":"2025-03-21T19:21:57","modified_gmt":"2025-03-22T01:21:57","slug":"cortadora-manual","status":"publish","type":"product","link":"https:\/\/eingmex.com\/?product=cortadora-manual","title":{"rendered":"Cortadora Manual de 36 o 18 tantos"},"content":{"rendered":"<p><strong>PRECIOS SEGUN SU ACABADO:\u00a0<\/strong><\/p>\n<table border=\"1\" cellspacing=\"1\" cellpadding=\"1\">\n<tbody>\n<tr>\n<td>Acabado<\/td>\n<td>Precio<\/td>\n<\/tr>\n<tr>\n<td>Cortadora Manual de 18 o 36 Tantos Azul ( R-2)<\/td>\n<td>$11,200 MXN<\/td>\n<\/tr>\n<tr>\n<td>Cortadora Manual de 18 o 36 Tantos Blanca (R-2)<\/td>\n<td>$12,800 MXN<\/td>\n<\/tr>\n<tr>\n<td>Cortadora Manual de 18 o 36Tantos Blanca (R-2) Con Cuchillas de Acero Inoxidable<\/td>\n<td>$22,400 MXN<\/td>\n<\/tr>\n<\/tbody>\n<\/table>\n<p>&nbsp;<\/p>\n<p><strong>FUNCION DE LA CORTADORA:<\/strong><\/p>\n<p>Especial para bolillo o pan dulce. Para peso exacto en cualquier tipo de masa. Son maquinas que disponen de una gran variedad de tama\u00f1os en su corte, con ausencia total en vibraciones y sus reducidas dimensi\u00f3nes le permiten adaptarlas a cualquier punto de venta y a cualquier producci\u00f3n.<\/p>\n<p>En caso de no usarla de una manera regular se le recomienda adquiera la cortadora con cuchillas de acero inoxidable esto para mayor limpieza tanto de la cortadora y de la masa.<\/p>\n<div style=\"width: 1080px;\" class=\"wp-video\"><video class=\"wp-video-shortcode\" id=\"video-284-1\" width=\"1080\" height=\"1920\" preload=\"metadata\" controls=\"controls\"><source type=\"video\/mp4\" src=\"https:\/\/eingmex.com\/wp-content\/uploads\/2023\/03\/Seccion-de-panaderia-8-1.mp4?_=1\" \/><a href=\"https:\/\/eingmex.com\/wp-content\/uploads\/2023\/03\/Seccion-de-panaderia-8-1.mp4\">https:\/\/eingmex.com\/wp-content\/uploads\/2023\/03\/Seccion-de-panaderia-8-1.mp4<\/a><\/video><\/div>\n<p><strong>MEDIDAS:\u00a0<\/strong><\/p>\n<p>De Largo 60 cm x 70 cm de Ancho y de Alto 80 cm<\/p>\n<p><strong>ESPECIFICACIONES:<\/strong><\/p>\n<p>Este equipo corta y divide masa de 36 tantos hecha en aluminio tanto base y cuerno. Los tambores, contrapeso y mariposa en fierro colado, bujes de refuerzo en cremallera y postes para mayor durabilidad, as\u00ed como el plato en placa de alta resistencia y soportes reforzados para que los postes tengan mejor funcionamiento, Pernos, palanca y bujes en cromo, navajas de acero al carb\u00f3n y el cazo en acero inoxidable.<\/p>\n<p><strong>TIEMPO DE ENTREGA<\/strong><\/p>\n<p>De 3 a 5 d\u00edas h\u00e1biles.<\/p>\n<p><strong>FLETE<\/strong><\/p>\n<p>A ocurre corre por cuenta del comprador, Realizamos env\u00edos Nacionales e Internacionales.\u00a0Para realizar la cotizaci\u00f3n env\u00edenos mediante la secci\u00f3n de contacto o nuestro chat \u00a0los siguientes datos. Pa\u00eds, Ciudad, Municipio o Localidad y su Cp.<\/p>\n<p><strong>GARANTIA<\/strong><\/p>\n<p>La garant\u00eda de 6 meses contra defecto de fabricaci\u00f3n , Tambien se les env\u00eda un video por correo o por Whatsapp antes de enviarla en el cual consta en buen funcionamiento de la maquina o en su caso puede venir el cliente a checar el funcionamiento de la misma a nuestro taller.<\/p>\n<p><strong>METODOS DE PAGO<\/strong><\/p>\n<p>\ud83d\udcccEfectivo pagando en nuestro taller ubicado en Monterrey o en nuestras oficinas en General Escobedo, Nuevo Leon.<\/p>\n<p>\ud83d\udcccTransferencia o Dep\u00f3sitos Bancarios<\/p>\n<p>\ud83d\udcccPago con Tarjeta de Debito o Cr\u00e9dito<\/p>\n<p><em>Si usted se ubica en otro estado o pa\u00eds puede realizar pagos con tarjetas de debito o cr\u00e9dito mediante Links de Pago<\/em><\/p>\n<p>&nbsp;<\/p>\n","protected":false},"excerpt":{"rendered":"<p>PRECIOS SEGUN SU ACABADO:\u00a0 Acabado Precio Cortadora Manual de 18 o 36 Tantos Azul ( R-2) $11,200 MXN Cortadora Manual de 18 o 36 Tantos Blanca (R-2) $12,800 MXN Cortadora&#8230;<\/p>\n","protected":false},"featured_media":767,"comment_status":"open","ping_status":"closed","template":"","meta":[],"product_brand":[],"product_cat":[19,18],"product_tag":[],"class_list":{"0":"post-284","1":"product","2":"type-product","3":"status-publish","4":"has-post-thumbnail","6":"product_cat-panaderias","7":"product_cat-tortilleria-de-harina","9":"first","10":"instock","11":"shipping-taxable","12":"purchasable","13":"product-type-variable"},"_links":{"self":[{"href":"https:\/\/eingmex.com\/index.php?rest_route=\/wp\/v2\/product\/284","targetHints":{"allow":["GET"]}}],"collection":[{"href":"https:\/\/eingmex.com\/index.php?rest_route=\/wp\/v2\/product"}],"about":[{"href":"https:\/\/eingmex.com\/index.php?rest_route=\/wp\/v2\/types\/product"}],"replies":[{"embeddable":true,"href":"https:\/\/eingmex.com\/index.php?rest_route=%2Fwp%2Fv2%2Fcomments&post=284"}],"wp:featuredmedia":[{"embeddable":true,"href":"https:\/\/eingmex.com\/index.php?rest_route=\/wp\/v2\/media\/767"}],"wp:attachment":[{"href":"https:\/\/eingmex.com\/index.php?rest_route=%2Fwp%2Fv2%2Fmedia&parent=284"}],"wp:term":[{"taxonomy":"product_brand","embeddable":true,"href":"https:\/\/eingmex.com\/index.php?rest_route=%2Fwp%2Fv2%2Fproduct_brand&post=284"},{"taxonomy":"product_cat","embeddable":true,"href":"https:\/\/eingmex.com\/index.php?rest_route=%2Fwp%2Fv2%2Fproduct_cat&post=284"},{"taxonomy":"product_tag","embeddable":true,"href":"https:\/\/eingmex.com\/index.php?rest_route=%2Fwp%2Fv2%2Fproduct_tag&post=284"}],"curies":[{"name":"wp","href":"https:\/\/api.w.org\/{rel}","templated":true}]}}