{"id":304,"date":"2023-03-17T20:59:09","date_gmt":"2023-03-17T20:59:09","guid":{"rendered":"https:\/\/maqnusa.com\/?post_type=product&#038;p=304"},"modified":"2025-06-06T00:16:26","modified_gmt":"2025-06-06T05:16:26","slug":"laminadora-de-2-alas-brillante-y-laminada","status":"publish","type":"product","link":"https:\/\/eingmex.com\/?product=laminadora-de-2-alas-brillante-y-laminada","title":{"rendered":"Laminadora de masa"},"content":{"rendered":"<p><strong>PRECIOS SEGUN EL ACABADO Y TAMA\u00d1O:<\/strong><\/p>\n<table border=\"1\" cellspacing=\"0\" cellpadding=\"0\" align=\"center\">\n<tbody>\n<tr>\n<td>\u00a0<strong>Tipo<\/strong><\/td>\n<td><strong>Tama\u00f1o<\/strong><\/td>\n<td>\u00a0<b>Acabado<\/b><\/td>\n<td><strong>Precio\u00a0<\/strong><\/td>\n<\/tr>\n<tr>\n<td rowspan=\"2\">\u00a0Mini<\/td>\n<td rowspan=\"2\">Mini<\/p>\n<p>Con alas abiertas\u00a0 1.45m Largo y 1.17 de Alto<\/p>\n<p>Con alas cerradas 0.37 de Ancho, 0.85 de Largo y 1.45m de Alto<\/td>\n<td>Laminado<\/td>\n<td>$34,000 MXN<\/td>\n<\/tr>\n<tr>\n<td>Acero Inoxidable<\/td>\n<td>$37,800 MXN<\/td>\n<\/tr>\n<tr>\n<td rowspan=\"2\">\u00a0Grandes<\/td>\n<td rowspan=\"2\">Grandes<\/p>\n<p>Con alas abiertas 1.85m de Largo y 1.30 de Alto<\/p>\n<p>Con alas cerradas 0.50 de Ancho, 0.95 de Largo y 1.85 de Alto<\/td>\n<td>Laminado<\/td>\n<td>$38,000 MXN<\/td>\n<\/tr>\n<tr>\n<td>Acero Inoxidable<\/td>\n<td>$40,000 MXN<\/td>\n<\/tr>\n<\/tbody>\n<\/table>\n<p><strong>FUNCION DE LA MAQUINA\u00a0<\/strong><\/p>\n<p>Las laminadoras de masa son m\u00e1quinas de alta precisi\u00f3n y con altos niveles de productividad, adecuadas a peque\u00f1as y grandes unidades productivas, dise\u00f1ados para laminar masas de diferentes espesores, substituyendo el trabajo manual a trav\u00e9s de un sistema mecanizado.<\/p>\n<p><strong>VIDEO MUESTRA DEL EQUIPO<\/strong><\/p>\n<div style=\"width: 1080px;\" class=\"wp-video\"><video class=\"wp-video-shortcode\" id=\"video-304-1\" width=\"1080\" height=\"594\" preload=\"metadata\" controls=\"controls\"><source type=\"video\/mp4\" src=\"https:\/\/eingmex.com\/wp-content\/uploads\/2023\/03\/Seccion-de-panaderia-1091-x-600-px.mp4?_=1\" \/><a href=\"https:\/\/eingmex.com\/wp-content\/uploads\/2023\/03\/Seccion-de-panaderia-1091-x-600-px.mp4\">https:\/\/eingmex.com\/wp-content\/uploads\/2023\/03\/Seccion-de-panaderia-1091-x-600-px.mp4<\/a><\/video><\/div>\n<p><strong>ESPECIFICACIONES:<\/strong><\/p>\n<p>\ud83d\udcddSus alas son abatibles<\/p>\n<p>\ud83d\udcddApagador reversible (que hace que la masa vaya hacia adelante y hacia atr\u00e1s).<\/p>\n<p>\ud83d\udcddDe base tipo mariposa<\/p>\n<p>\ud83d\udcddBanda de trabajo.<\/p>\n<p>\ud83d\udcddRodillos ajustables.<\/p>\n<p>\ud83d\udcddMotor de 1 HP, Monof\u00e1sico.<\/p>\n<p>\ud83d\udcddDisponibles en l\u00e1mina y brillante.<\/p>\n<p>\ud83d\udcddRodillo de Hierro en cualquiera de los dos Acabados<\/p>\n<p>\ud83d\udcddBandas de Manta<\/p>\n<p>\ud83d\udcddSemi-Automatica<\/p>\n<p>\ud83d\udcddM\u00ednimo de grosor de 3 mm<\/p>\n<p>\ud83d\udcddM\u00e1ximo de grosor de 7 cm<\/p>\n<p><strong>TIEMPO DE ENTREGA<\/strong><\/p>\n<p>De 2 a 5 d\u00edas h\u00e1biles.<\/p>\n<p><strong>FLETE<\/strong><\/p>\n<p>A ocurre corre por cuenta del comprador, Realizamos env\u00edos Nacionales e Internacionales.\u00a0Para realizar la cotizaci\u00f3n env\u00edenos mediante la secci\u00f3n de contacto o nuestro chat \u00a0los siguientes datos. Pa\u00eds, Ciudad, Municipio o Localidad y su Cp.<\/p>\n<p><strong>GARANTIA<\/strong><\/p>\n<p>La garant\u00eda de 6 meses contra defecto de fabricaci\u00f3n , Tambi\u00e9n se les env\u00eda un video por correo o por Whatsapp antes de enviarla en el cual consta en buen funcionamiento de la maquina o en su caso puede venir el cliente a checar el funcionamiento de la misma a nuestro taller.<\/p>\n<p><strong>METODOS DE PAGO<\/strong><\/p>\n<p>\ud83d\udcccEfectivo pagando en nuestro taller ubicado en Monterrey o en General Escobedo Nuevo Leon.<\/p>\n<p>\ud83d\udcccTransferencia o Dep\u00f3sitos Bancarios<\/p>\n<p>\ud83d\udcccPago con Tarjeta de Debito o Cr\u00e9dito<\/p>\n<p style=\"text-align: center;\"><em>Si usted se ubica en otro estado o pa\u00eds puede realizar pagos con tarjetas de debito o cr\u00e9dito mediante Links de Pago<\/em><\/p>\n","protected":false},"excerpt":{"rendered":"<p>PRECIOS SEGUN EL ACABADO Y TAMA\u00d1O: \u00a0Tipo Tama\u00f1o \u00a0Acabado Precio\u00a0 \u00a0Mini Mini Con alas abiertas\u00a0 1.45m Largo y 1.17 de Alto Con alas cerradas 0.37 de Ancho, 0.85 de Largo&#8230;<\/p>\n","protected":false},"featured_media":738,"comment_status":"open","ping_status":"closed","template":"","meta":[],"product_brand":[],"product_cat":[19,20],"product_tag":[],"class_list":{"0":"post-304","1":"product","2":"type-product","3":"status-publish","4":"has-post-thumbnail","6":"product_cat-panaderias","7":"product_cat-pizzerias","9":"first","10":"instock","11":"shipping-taxable","12":"purchasable","13":"product-type-variable"},"_links":{"self":[{"href":"https:\/\/eingmex.com\/index.php?rest_route=\/wp\/v2\/product\/304","targetHints":{"allow":["GET"]}}],"collection":[{"href":"https:\/\/eingmex.com\/index.php?rest_route=\/wp\/v2\/product"}],"about":[{"href":"https:\/\/eingmex.com\/index.php?rest_route=\/wp\/v2\/types\/product"}],"replies":[{"embeddable":true,"href":"https:\/\/eingmex.com\/index.php?rest_route=%2Fwp%2Fv2%2Fcomments&post=304"}],"wp:featuredmedia":[{"embeddable":true,"href":"https:\/\/eingmex.com\/index.php?rest_route=\/wp\/v2\/media\/738"}],"wp:attachment":[{"href":"https:\/\/eingmex.com\/index.php?rest_route=%2Fwp%2Fv2%2Fmedia&parent=304"}],"wp:term":[{"taxonomy":"product_brand","embeddable":true,"href":"https:\/\/eingmex.com\/index.php?rest_route=%2Fwp%2Fv2%2Fproduct_brand&post=304"},{"taxonomy":"product_cat","embeddable":true,"href":"https:\/\/eingmex.com\/index.php?rest_route=%2Fwp%2Fv2%2Fproduct_cat&post=304"},{"taxonomy":"product_tag","embeddable":true,"href":"https:\/\/eingmex.com\/index.php?rest_route=%2Fwp%2Fv2%2Fproduct_tag&post=304"}],"curies":[{"name":"wp","href":"https:\/\/api.w.org\/{rel}","templated":true}]}}