{"id":307,"date":"2023-03-17T21:04:46","date_gmt":"2023-03-17T21:04:46","guid":{"rendered":"https:\/\/maqnusa.com\/?post_type=product&#038;p=307"},"modified":"2025-03-21T17:26:45","modified_gmt":"2025-03-21T23:26:45","slug":"molinillas","status":"publish","type":"product","link":"https:\/\/eingmex.com\/?product=molinillas","title":{"rendered":"Molinillas"},"content":{"rendered":"<p><strong>PRECIOS SEGUN SU CAPACIDAD<\/strong><\/p>\n<table border=\"1\" cellspacing=\"1\" cellpadding=\"1\">\n<tbody>\n<tr>\n<td><strong>Capacidad<\/strong><\/td>\n<td><strong>Precio Laminada con Cazo\u00a0de Acero Inoxidable<\/strong><\/td>\n<td><strong>Precio Laminada<\/strong><\/td>\n<td><strong>Precio Brillante<\/strong><\/td>\n<\/tr>\n<tr>\n<td>10 Kilos<\/td>\n<td>$24,480 MXN<\/td>\n<td>$23,040 MXN<\/td>\n<td>$25,920 MXN<\/td>\n<\/tr>\n<tr>\n<td>20 Kilos<\/td>\n<td>$26,040 MXN<\/td>\n<td>$25,200 MXN<\/td>\n<td>$28,080 MXN<\/td>\n<\/tr>\n<tr>\n<td>30 Kilos<\/td>\n<td>$30,240 MXN<\/td>\n<td>$28,800 MXN<\/td>\n<td>$31,680 MXN<\/td>\n<\/tr>\n<\/tbody>\n<\/table>\n<p><strong>FUNCION DE LA MAQUINA<\/strong><\/p>\n<p>La gama de molinillas complementa su maquinaria para garantizar la perfecta refinaci\u00f3n a trav\u00e9s de sus rodillos cuando la masa previamente amasada se introduce entre ellos para perfeccionar la masa y eliminar los grumos que pudiesen mantenerse, obteniendo un resultado mas profesional y altamente industrial.<\/p>\n<p><strong>ESPECIFICACIONES<\/strong><\/p>\n<p>\ud83d\udcddIdeal para molinos<\/p>\n<p>\ud83d\udcddRodillos de 4\u201d<\/p>\n<p>\ud83d\udcddAlto rendimiento en trabajo<\/p>\n<p>\ud83d\udcddGran durabilidad<\/p>\n<p>\ud83d\udcddBuen desempe\u00f1o<\/p>\n<p>\ud83d\udcddMotor monof\u00e1sico o Trif\u00e1sico<\/p>\n<p>\ud83d\udcddTransmisi\u00f3n en el cazo y en los cilindros<\/p>\n<p>\ud83d\udcddCiclos refinadores<\/p>\n<p>\ud83d\udcddMovimiento en los cilindros a 1 Velocidad<\/p>\n<p>\ud83d\udcddTransmisi\u00f3n e el cazo y en los cilindros<\/p>\n<p><strong>TIEMPO DE ENTREGA<\/strong><\/p>\n<p>De 2 a 5 d\u00edas h\u00e1biles.<\/p>\n<p style=\"text-align: center;\"><strong>\ud83d\ude9b\ud83d\ude80FLETE<\/strong><\/p>\n<p style=\"text-align: center;\">A ocurre corre por cuenta del comprador, Realizamos env\u00edos Nacionales e Internacionales.\u00a0Para realizar la cotizaci\u00f3n env\u00edenos mediante la secci\u00f3n de contacto o nuestro chat \u00a0los siguientes datos. Pa\u00eds, Ciudad, Municipio o Localidad y su Cp.<\/p>\n<p><strong>GARANTIA<\/strong><\/p>\n<p>La garant\u00eda de 6 meses contra defecto de fabricaci\u00f3n , Tambien se les env\u00eda un video por correo o por Whatsapp antes de enviarla en el cual consta en buen funcionamiento de la maquina o en su caso puede venir el cliente a checar el funcionamiento de la misma a nuestro taller.<\/p>\n<p><strong>METODOS DE PAGO<\/strong><\/p>\n<p>\ud83d\udcccEfectivo pagando en nuestro taller ubicado en Monterrey o nuestras oficinas en General Escobedo<\/p>\n<p>\ud83d\udcccTransferencia o Dep\u00f3sitos Bancarios<\/p>\n<p>\ud83d\udcccPago con Tarjeta de Debito o Cr\u00e9dito<\/p>\n<p><em>Si usted se ubica en otro estado o pa\u00eds puede realizar pagos con tarjetas de debito o cr\u00e9dito mediante Links de Pago<\/em><\/p>\n","protected":false},"excerpt":{"rendered":"<p>PRECIOS SEGUN SU CAPACIDAD Capacidad Precio Laminada con Cazo\u00a0de Acero Inoxidable Precio Laminada Precio Brillante 10 Kilos $24,480 MXN $23,040 MXN $25,920 MXN 20 Kilos $26,040 MXN $25,200 MXN $28,080&#8230;<\/p>\n","protected":false},"featured_media":731,"comment_status":"open","ping_status":"closed","template":"","meta":[],"product_brand":[],"product_cat":[19],"product_tag":[],"class_list":{"0":"post-307","1":"product","2":"type-product","3":"status-publish","4":"has-post-thumbnail","6":"product_cat-panaderias","8":"first","9":"instock","10":"shipping-taxable","11":"purchasable","12":"product-type-variable"},"_links":{"self":[{"href":"https:\/\/eingmex.com\/index.php?rest_route=\/wp\/v2\/product\/307","targetHints":{"allow":["GET"]}}],"collection":[{"href":"https:\/\/eingmex.com\/index.php?rest_route=\/wp\/v2\/product"}],"about":[{"href":"https:\/\/eingmex.com\/index.php?rest_route=\/wp\/v2\/types\/product"}],"replies":[{"embeddable":true,"href":"https:\/\/eingmex.com\/index.php?rest_route=%2Fwp%2Fv2%2Fcomments&post=307"}],"wp:featuredmedia":[{"embeddable":true,"href":"https:\/\/eingmex.com\/index.php?rest_route=\/wp\/v2\/media\/731"}],"wp:attachment":[{"href":"https:\/\/eingmex.com\/index.php?rest_route=%2Fwp%2Fv2%2Fmedia&parent=307"}],"wp:term":[{"taxonomy":"product_brand","embeddable":true,"href":"https:\/\/eingmex.com\/index.php?rest_route=%2Fwp%2Fv2%2Fproduct_brand&post=307"},{"taxonomy":"product_cat","embeddable":true,"href":"https:\/\/eingmex.com\/index.php?rest_route=%2Fwp%2Fv2%2Fproduct_cat&post=307"},{"taxonomy":"product_tag","embeddable":true,"href":"https:\/\/eingmex.com\/index.php?rest_route=%2Fwp%2Fv2%2Fproduct_tag&post=307"}],"curies":[{"name":"wp","href":"https:\/\/api.w.org\/{rel}","templated":true}]}}