{"id":310,"date":"2023-03-17T22:57:39","date_gmt":"2023-03-17T22:57:39","guid":{"rendered":"https:\/\/maqnusa.com\/?post_type=product&#038;p=310"},"modified":"2025-03-21T19:43:57","modified_gmt":"2025-03-22T01:43:57","slug":"horno-compacto","status":"publish","type":"product","link":"https:\/\/eingmex.com\/?product=horno-compacto","title":{"rendered":"Horno compacto para panader\u00eda"},"content":{"rendered":"<p style=\"text-align: left;\"><strong>PRECIOS SEGUN SU CAPACIDAD:<\/strong><\/p>\n<div>\n<table class=\"alignleft\" border=\"1\" cellspacing=\"1\" cellpadding=\"1\">\n<tbody>\n<tr>\n<td>CAPACIDAD<\/td>\n<td>ALTO<\/td>\n<td>LARGO<\/td>\n<td>ANCHO<\/td>\n<td>PRECIO<\/td>\n<\/tr>\n<tr>\n<td>2 Charolas<\/td>\n<td>1.15m<\/td>\n<td>1.00m<\/td>\n<td>0.70cm<\/td>\n<td>\u00a0$9,180MXN<\/td>\n<\/tr>\n<tr>\n<td>2 Charolas Equipado<\/td>\n<td>1.15m<\/td>\n<td>1.10m<\/td>\n<td>0.70cm<\/td>\n<td>$9,350MXN<\/td>\n<\/tr>\n<tr>\n<td>4 Charolas<\/td>\n<td>1.55m<\/td>\n<td>1.00m<\/td>\n<td>0.70cm<\/td>\n<td>$11,050MXN<\/td>\n<\/tr>\n<tr>\n<td>4 Charolas Equipado<\/td>\n<td>\u00a01.55m<\/td>\n<td>1.10m<\/td>\n<td>0.70cm<\/td>\n<td>$12,750MXN<\/td>\n<\/tr>\n<tr>\n<td>6 Charolas<\/td>\n<td>1.70m<\/td>\n<td>1.00m<\/td>\n<td>0.70cm<\/td>\n<td>$15,300MXN<\/td>\n<\/tr>\n<\/tbody>\n<\/table>\n<p>&nbsp;<\/p>\n<p>&nbsp;<\/p>\n<p>&nbsp;<\/p>\n<p>&nbsp;<\/p>\n<p>&nbsp;<\/p>\n<p><strong>ESPECIFICACIONES:<\/strong><\/p>\n<p>Recomendado para todo tipo de pan, pasteles, pizza, pan blanco etc.<\/p>\n<p>Se trata de un horno mas peque\u00f1o en comparaci\u00f3n con los modelos est\u00e1ndar. Pero aunque no cuente con un gran tama\u00f1o de verdad que ofrecen una gran potencia de cocci\u00f3n.<\/p>\n<p>Lo m\u00e1s importante al decidirse por uno u otro modelo de este tipo de hornos, adem\u00e1s de sus medidas, son las\u00a0funciones<strong>\u00a0<\/strong>con las que cuenta. Son los modelos perfectos para cocinas o negocios que no cuenten con mucho espacio.<\/p>\n<p><strong>CARACTERISTICAS DE HORNO ESTANDAR:<\/strong><\/p>\n<p>\ud83d\udcddAcabado en laminado o esmaltado Cal. 20<\/p>\n<p>\ud83d\udcddIncluye term\u00f3metro<\/p>\n<p>\ud83d\udcddV\u00e1lvula de control de flama independientes<\/p>\n<p>\ud83d\udcddAislamiento de fibra de vidrio en todas sus paredes<\/p>\n<p>\ud83d\udcddQuemadores tipo flauta reforzados<\/p>\n<p>\ud83d\udcddQuemadores en la parte inferior<\/p>\n<p>\ud83d\udcddPara Charolas de 45 x 65 cm<\/p>\n<p>\ud83d\udcddTemperatura de 0\u00b0C A 300\u00b0C<\/p>\n<p><strong>CARACTERISTICAS DE HORNO EQUIPADO:<\/strong><\/p>\n<p>\ud83d\udcddAcabado en laminado o esmaltado Cal. 20<\/p>\n<p>\ud83d\udcddIncluye term\u00f3metro<\/p>\n<p>\ud83d\udcddV\u00e1lvula de control de flama independientes<\/p>\n<p>\ud83d\udcddAislamiento de fibra de vidrio en todas sus paredes<\/p>\n<p>\ud83d\udcddQuemadores tipo flauta reforzados<\/p>\n<p>\ud83d\udcddQuemadores en la parte inferior<\/p>\n<p>\ud83d\udcddPara Charolas de 45 x 65 cm<\/p>\n<p>\ud83d\udcddTemperatura de 0\u00b0C A 300\u00b0C<\/p>\n<p>\ud83d\udcdd Gratinador<\/p>\n<p>\ud83d\udcdd Un quemador en la parte superior independiente para el gratinador<\/p>\n<p>\ud83d\udcddCristal templado en las puertas de exhibici\u00f3n<\/p>\n<p>\ud83d\udcddLuz interior (No incluye foco)<\/p>\n<p>&nbsp;<\/p>\n<hr \/>\n<p><strong>TIEMPO DE ENTREGA<\/strong><\/p>\n<p>De 2 a 5 d\u00edas h\u00e1biles.<\/p>\n<p><strong>FLETE<\/strong><\/p>\n<p>A ocurre corre por cuenta del comprador, Realizamos env\u00edos Nacionales e Internacionales.\u00a0Para realizar la cotizaci\u00f3n env\u00edenos mediante la secci\u00f3n de contacto o nuestro chat \u00a0los siguientes datos. Pa\u00eds, Ciudad, Municipio o Localidad y su Cp.<\/p>\n<p><strong>GARANTIA<\/strong><\/p>\n<p>La garant\u00eda de 6 meses contra defecto de fabricaci\u00f3n , Tambien se les env\u00eda un video por correo o por Whatsapp antes de enviarla en el cual consta en buen funcionamiento de la maquina o en su caso puede venir el cliente a checar el funcionamiento de la misma a nuestro taller.<\/p>\n<p><strong>METODOS DE PAGO<\/strong><\/p>\n<p>\ud83d\udcccEfectivo pagando en nuestro taller ubicado en Monterrey o en nuestras oficinas en General Escobedo, Nuevo Leon.<\/p>\n<p>\ud83d\udcccTransferencia o Dep\u00f3sitos Bancarios<\/p>\n<p>\ud83d\udcccPago con Tarjeta de Debito o Cr\u00e9dito<\/p>\n<p><em>Si usted se ubica en otro estado o pa\u00eds puede realizar pagos con tarjetas de debito o cr\u00e9dito mediante Links de Pago<\/em><\/p>\n<\/div>\n","protected":false},"excerpt":{"rendered":"<p>PRECIOS SEGUN SU CAPACIDAD: CAPACIDAD ALTO LARGO ANCHO PRECIO 2 Charolas 1.15m 1.00m 0.70cm \u00a0$9,180MXN 2 Charolas Equipado 1.15m 1.10m 0.70cm $9,350MXN 4 Charolas 1.55m 1.00m 0.70cm $11,050MXN 4 Charolas&#8230;<\/p>\n","protected":false},"featured_media":749,"comment_status":"open","ping_status":"closed","template":"","meta":[],"product_brand":[],"product_cat":[19,20],"product_tag":[],"class_list":{"0":"post-310","1":"product","2":"type-product","3":"status-publish","4":"has-post-thumbnail","6":"product_cat-panaderias","7":"product_cat-pizzerias","9":"first","10":"instock","11":"shipping-taxable","12":"purchasable","13":"product-type-variable"},"_links":{"self":[{"href":"https:\/\/eingmex.com\/index.php?rest_route=\/wp\/v2\/product\/310","targetHints":{"allow":["GET"]}}],"collection":[{"href":"https:\/\/eingmex.com\/index.php?rest_route=\/wp\/v2\/product"}],"about":[{"href":"https:\/\/eingmex.com\/index.php?rest_route=\/wp\/v2\/types\/product"}],"replies":[{"embeddable":true,"href":"https:\/\/eingmex.com\/index.php?rest_route=%2Fwp%2Fv2%2Fcomments&post=310"}],"wp:featuredmedia":[{"embeddable":true,"href":"https:\/\/eingmex.com\/index.php?rest_route=\/wp\/v2\/media\/749"}],"wp:attachment":[{"href":"https:\/\/eingmex.com\/index.php?rest_route=%2Fwp%2Fv2%2Fmedia&parent=310"}],"wp:term":[{"taxonomy":"product_brand","embeddable":true,"href":"https:\/\/eingmex.com\/index.php?rest_route=%2Fwp%2Fv2%2Fproduct_brand&post=310"},{"taxonomy":"product_cat","embeddable":true,"href":"https:\/\/eingmex.com\/index.php?rest_route=%2Fwp%2Fv2%2Fproduct_cat&post=310"},{"taxonomy":"product_tag","embeddable":true,"href":"https:\/\/eingmex.com\/index.php?rest_route=%2Fwp%2Fv2%2Fproduct_tag&post=310"}],"curies":[{"name":"wp","href":"https:\/\/api.w.org\/{rel}","templated":true}]}}