{"id":628,"date":"2024-01-16T17:15:48","date_gmt":"2024-01-16T23:15:48","guid":{"rendered":"https:\/\/eingmex.com\/?post_type=product&#038;p=628"},"modified":"2025-06-05T18:48:26","modified_gmt":"2025-06-05T23:48:26","slug":"banda-enfriadora","status":"publish","type":"product","link":"https:\/\/eingmex.com\/?product=banda-enfriadora","title":{"rendered":"EQUIPO COMPLETO PARA PANADERIA"},"content":{"rendered":"<div id=\"comp-lczi1irv\" class=\"HcOXKn c9GqVL QxJLC3 lq2cno YQcXTT comp-lczi1irv wixui-rich-text\" data-testid=\"richTextElement\">\n<div style=\"width: 1080px;\" class=\"wp-video\"><video class=\"wp-video-shortcode\" id=\"video-628-1\" width=\"1080\" height=\"570\" preload=\"metadata\" controls=\"controls\"><source type=\"video\/mp4\" src=\"https:\/\/eingmex.com\/wp-content\/uploads\/2024\/01\/Seccion-de-panaderia-11.mp4?_=1\" \/><a href=\"https:\/\/eingmex.com\/wp-content\/uploads\/2024\/01\/Seccion-de-panaderia-11.mp4\">https:\/\/eingmex.com\/wp-content\/uploads\/2024\/01\/Seccion-de-panaderia-11.mp4<\/a><\/video><\/div>\n<h3 class=\"font_0 wixui-rich-text__text\"><strong><span class=\"wixui-rich-text__text\">Prepara tus recetas sin tanto esfuerzo<\/span><\/strong><\/h3>\n<\/div>\n<div id=\"comp-lczi1isv\" class=\"HcOXKn c9GqVL QxJLC3 lq2cno YQcXTT comp-lczi1isv wixui-rich-text\" data-testid=\"richTextElement\">\n<p class=\"font_7 wixui-rich-text__text\"><span class=\"wixui-rich-text__text\"><span class=\"wixGuard wixui-rich-text__text\">\u200b<\/span><\/span><span class=\"wixui-rich-text__text\">Vive la experiencia de preparar tus recetas favoritas de un modo m\u00e1s pr\u00e1ctico y r\u00e1pido con la amplia variedad de equipos de \u00faltima generaci\u00f3n que creamos para automatizar tus procesos, disminuir costos, tener una mayor capacidad productiva y un menor consumo de recursos. Conoce todas las soluciones que tenemos para ti, <\/span>podr\u00e1s alcanzar el nivel de automatizaci\u00f3n que tu negocio necesita conservando la calidad y el sabor que caracteriza a cada una de tus creaciones. Descubre el sin fin de posibilidades.<\/p>\n<\/div>\n<p>Nuestros equipos son ideales para panader\u00edas, cafeter\u00edas, restaurantes gracias a su peculiar funcionamiento que permite disminuir los tiempos de producci\u00f3n gracias a su facilidad de uso<\/p>\n<p>Este paquete incluye:<\/p>\n<p>\ud83d\udcccLaminadora laminada<\/p>\n<p>\ud83d\udcccHorno de convecci\u00f3n para 6 charolas<\/p>\n<p>\ud83d\udcccMesa de trabajo PREMIUM. Forrada en Acero inoxidable con rack inferior.<\/p>\n<p>\ud83d\udcccAmasadora de espiral o cola de cochino de 20Kg.<\/p>\n<p>\ud83d\udcccBatidora para 20Lts<\/p>\n<p>\ud83d\udcccCortadora de 36 tantos<\/p>\n<p>\ud83d\udcccBase para cortadora de 36 tantos<\/p>\n<p>\ud83d\udcccEspiguero de 18 charolas<\/p>\n<p>\ud83d\udccc10 charolas Marca. Eingmex<\/p>\n<p>&nbsp;<\/p>\n","protected":false},"excerpt":{"rendered":"<p><em>Promoci\u00f3n valida hasta el 31 de abril del 20205. Aplican Restricciones.<\/em><\/p>\n","protected":false},"featured_media":804,"comment_status":"open","ping_status":"closed","template":"","meta":[],"product_brand":[],"product_cat":[34],"product_tag":[],"class_list":{"0":"post-628","1":"product","2":"type-product","3":"status-publish","4":"has-post-thumbnail","6":"product_cat-equipos-completos","8":"first","9":"instock","10":"shipping-taxable","11":"purchasable","12":"product-type-simple"},"_links":{"self":[{"href":"https:\/\/eingmex.com\/index.php?rest_route=\/wp\/v2\/product\/628","targetHints":{"allow":["GET"]}}],"collection":[{"href":"https:\/\/eingmex.com\/index.php?rest_route=\/wp\/v2\/product"}],"about":[{"href":"https:\/\/eingmex.com\/index.php?rest_route=\/wp\/v2\/types\/product"}],"replies":[{"embeddable":true,"href":"https:\/\/eingmex.com\/index.php?rest_route=%2Fwp%2Fv2%2Fcomments&post=628"}],"wp:featuredmedia":[{"embeddable":true,"href":"https:\/\/eingmex.com\/index.php?rest_route=\/wp\/v2\/media\/804"}],"wp:attachment":[{"href":"https:\/\/eingmex.com\/index.php?rest_route=%2Fwp%2Fv2%2Fmedia&parent=628"}],"wp:term":[{"taxonomy":"product_brand","embeddable":true,"href":"https:\/\/eingmex.com\/index.php?rest_route=%2Fwp%2Fv2%2Fproduct_brand&post=628"},{"taxonomy":"product_cat","embeddable":true,"href":"https:\/\/eingmex.com\/index.php?rest_route=%2Fwp%2Fv2%2Fproduct_cat&post=628"},{"taxonomy":"product_tag","embeddable":true,"href":"https:\/\/eingmex.com\/index.php?rest_route=%2Fwp%2Fv2%2Fproduct_tag&post=628"}],"curies":[{"name":"wp","href":"https:\/\/api.w.org\/{rel}","templated":true}]}}