{"id":718,"date":"2025-03-20T23:51:31","date_gmt":"2025-03-21T05:51:31","guid":{"rendered":"https:\/\/eingmex.com\/?post_type=product&#038;p=718"},"modified":"2025-05-31T01:14:00","modified_gmt":"2025-05-31T06:14:00","slug":"boleadora-de-banda-premium","status":"publish","type":"product","link":"https:\/\/eingmex.com\/?product=boleadora-de-banda-premium","title":{"rendered":"Boleadora de banda"},"content":{"rendered":"<div style=\"width: 1080px;\" class=\"wp-video\"><video class=\"wp-video-shortcode\" id=\"video-718-1\" width=\"1080\" height=\"608\" preload=\"metadata\" controls=\"controls\"><source type=\"video\/mp4\" src=\"https:\/\/eingmex.com\/wp-content\/uploads\/2025\/03\/www.eingmex.com-2.mp4?_=1\" \/><a href=\"https:\/\/eingmex.com\/wp-content\/uploads\/2025\/03\/www.eingmex.com-2.mp4\">https:\/\/eingmex.com\/wp-content\/uploads\/2025\/03\/www.eingmex.com-2.mp4<\/a><\/video><\/div>\n<p><strong>ESPECIFICACIONES:<\/strong><br \/>\nEsta m\u00e1quina bolea testales desde 25 gr. hasta 200 gr. Dando una rapidez y precisi\u00f3n al boleo agilizando el proceso de elaboraci\u00f3n de la tortilla. Siendo una m\u00e1quina muy eficiente por su sencilla y practica elaboraci\u00f3n.<\/p>\n<p>Se puede usar este tipo de m\u00e1quina tambi\u00e9n para el boleo masa para pizzas o pan. Solo que el dise\u00f1o y precio var\u00eda por sus dimensiones al fabricar.<\/p>\n<p>C\u00f3mo somos fabricantes nos adaptamos a lo que el cliente necesite realizando pruebas y haciendo modificaciones en nuestras maquinas.<\/p>\n<p>Estamos en contacto con nuestros clientes d\u00e1ndoles asesor\u00eda v\u00eda telef\u00f3nica o por WhatsApp<\/p>\n<p><strong>MEDIDAS:<\/strong><br \/>\nAncho de .74 cm. por 1.10 m. de largo y de Alto 1 m.<\/p>\n<p><strong>PRODUCCI\u00d3N:<\/strong><br \/>\n3,500 testales por hora aproximadamente.<\/p>\n<p><strong>CARACTER\u00cdSTICAS:<\/strong><br \/>\n\ud83d\udcddBanda de grado alimenticio.<br \/>\n\ud83d\udcddCorriente 110 o 220 seg\u00fan sus necesidades.<br \/>\n\ud83d\udcddBolea masa desde 7 gr. hasta 500 gr. segun las necesidades del cliente<br \/>\n\ud83d\udcddEl riel es de acero inoxidable.<br \/>\n\ud83d\udcddFabricada en acero reforzado.<\/p>\n<p><strong>TIEMPO DE ENTREGA:<\/strong><br \/>\nDe 2 a 4 Semanas, Se paga el 50% al ordenar y el resto al estar lista la m\u00e1quina<\/p>\n<p><strong>ENTREGA EXPRESS:<\/strong><br \/>\nDe 2 a 7 d\u00edas siendo el pago es de contado directamente a la cuenta de EINGMEX<\/p>\n<p>Tambi\u00e9n podemos enviar a Estados Unidos, Canad\u00e1, San Jos\u00e9 Costa Rica, Guatemala etc.<\/p>\n<p style=\"text-align: center;\">\ud83d\ude80\ud83d\ude9bPara realizar la cotizaci\u00f3n envianos mediante la seccion de contacto o nuestro chat \u00a0los siguientes datos.<br \/>\nSi requiere el env\u00edo a domicilio o ocurre.<br \/>\nPa\u00eds o Municipio.<br \/>\nC.P.<\/p>\n<p><strong>GARANT\u00cdA<\/strong><br \/>\nLa garant\u00eda de 6 meses contra defecto de fabricaci\u00f3n, Tambien se les env\u00eda un video por correo o por Whatsapp\u00a0 antes de enviarla en el cual consta en buen funcionamiento de la maquina o en su caso puede venir el cliente a checar el funcionamiento de la misma a nuestro taller.<\/p>\n<p><strong>METODOS DE PAGO<\/strong><\/p>\n<p>\ud83d\udcccEfectivo pagando en nuestras oficinas en General Escobedo, Nuevo Leon<\/p>\n<p>\ud83d\udcccTransferencia o Dep\u00f3sitos Bancarios<\/p>\n<p>\ud83d\udcccPago con Tarjeta de Debito o Cr\u00e9dito<\/p>\n<p><em>Si usted se ubica en otro estado o pa\u00eds puede realizar pagos con tarjetas de debito o cr\u00e9dito mediante Links de Pago<\/em><\/p>\n","protected":false},"excerpt":{"rendered":"<p>ESPECIFICACIONES: Esta m\u00e1quina bolea testales desde 25 gr. hasta 200 gr. Dando una rapidez y precisi\u00f3n al boleo agilizando el proceso de elaboraci\u00f3n de la tortilla. Siendo una m\u00e1quina muy&#8230;<\/p>\n","protected":false},"featured_media":719,"comment_status":"open","ping_status":"closed","template":"","meta":[],"product_brand":[],"product_cat":[18],"product_tag":[],"class_list":{"0":"post-718","1":"product","2":"type-product","3":"status-publish","4":"has-post-thumbnail","6":"product_cat-tortilleria-de-harina","8":"first","9":"instock","10":"shipping-taxable","11":"purchasable","12":"product-type-simple"},"_links":{"self":[{"href":"https:\/\/eingmex.com\/index.php?rest_route=\/wp\/v2\/product\/718","targetHints":{"allow":["GET"]}}],"collection":[{"href":"https:\/\/eingmex.com\/index.php?rest_route=\/wp\/v2\/product"}],"about":[{"href":"https:\/\/eingmex.com\/index.php?rest_route=\/wp\/v2\/types\/product"}],"replies":[{"embeddable":true,"href":"https:\/\/eingmex.com\/index.php?rest_route=%2Fwp%2Fv2%2Fcomments&post=718"}],"wp:featuredmedia":[{"embeddable":true,"href":"https:\/\/eingmex.com\/index.php?rest_route=\/wp\/v2\/media\/719"}],"wp:attachment":[{"href":"https:\/\/eingmex.com\/index.php?rest_route=%2Fwp%2Fv2%2Fmedia&parent=718"}],"wp:term":[{"taxonomy":"product_brand","embeddable":true,"href":"https:\/\/eingmex.com\/index.php?rest_route=%2Fwp%2Fv2%2Fproduct_brand&post=718"},{"taxonomy":"product_cat","embeddable":true,"href":"https:\/\/eingmex.com\/index.php?rest_route=%2Fwp%2Fv2%2Fproduct_cat&post=718"},{"taxonomy":"product_tag","embeddable":true,"href":"https:\/\/eingmex.com\/index.php?rest_route=%2Fwp%2Fv2%2Fproduct_tag&post=718"}],"curies":[{"name":"wp","href":"https:\/\/api.w.org\/{rel}","templated":true}]}}