{"id":720,"date":"2025-03-20T23:56:09","date_gmt":"2025-03-21T05:56:09","guid":{"rendered":"https:\/\/eingmex.com\/?post_type=product&#038;p=720"},"modified":"2025-03-20T23:56:45","modified_gmt":"2025-03-21T05:56:45","slug":"boleadora-de-gusano","status":"publish","type":"product","link":"https:\/\/eingmex.com\/?product=boleadora-de-gusano","title":{"rendered":"Boleadora de gusano"},"content":{"rendered":"<p>Produce testales boleados de harina de trigo a una velocidad inigualable. Nuestra\u00a0<span class=\"font-w-700\">Boleadora Autom\u00e1tica<\/span> automatiza el proceso de boleo. Primero, se introduce en el sinf\u00edn el tanto de harina previamente cortado, (este proceso es autom\u00e1tico si se utiliza nuestra Cortadora automatica<em>)<\/em>. Despu\u00e9s, por medio de un sistema de girado, se produce una esfera que es depositada en la charola superior.<\/p>\n<ul>\n<li>Charola superior de acero inoxidable 304<\/li>\n<li>Higi\u00e9nico<\/li>\n<li>Ahorra tiempo<\/li>\n<li>Ahorra mano de obra<\/li>\n<li>F\u00e1cil de limpiar<\/li>\n<li>Forrada en acero inoxidable<\/li>\n<\/ul>\n<p><strong>TIEMPO DE ENTREGA:<\/strong><br \/>\nDe 4 a 5 Semanas, Se paga el 50% al ordenar y el resto al estar lista la m\u00e1quina<\/p>\n<p><strong>ENTREGA EXPRESS:<\/strong><br \/>\nDe 2 a 7 d\u00edas siendo el pago es de contado directamente a la cuenta de EINGMEX<\/p>\n<p>Tambi\u00e9n podemos enviar a Estados Unidos, Canad\u00e1, San Jos\u00e9 Costa Rica, Guatemala etc.<\/p>\n<p style=\"text-align: center;\">\ud83d\ude80Para realizar la cotizaci\u00f3n env\u00edanos mediante la secci\u00f3n de contacto o nuestro chat \u00a0los siguientes datos.<br \/>\nSi requiere el env\u00edo a domicilio o ocurre.<br \/>\nPa\u00eds o Municipio.<br \/>\nC.P.<\/p>\n<p><strong>GARANT\u00cdA<\/strong><br \/>\nLa garant\u00eda de 6 meses contra defecto de fabricaci\u00f3n; Tambi\u00e9n se les env\u00eda un video por correo o por Whatsapp\u00a0 antes de enviarla en el cual consta en buen funcionamiento de la maquina o en su caso puede venir el cliente a checar el funcionamiento de la misma a nuestro taller.<\/p>\n<p><strong>METODOS DE PAGO<\/strong><\/p>\n<p>\ud83d\udcccEfectivo pagando en nuestro taller ubicado en Monterrey y nuestras oficinas en General Escobedo<\/p>\n<p>\ud83d\udcccTransferencia o Dep\u00f3sitos Bancarios<\/p>\n<p>\ud83d\udcccPago con Tarjeta de Debito o Cr\u00e9dito<\/p>\n<p><em>Si usted se ubica en otro estado o pa\u00eds puede realizar pagos con tarjetas de debito o cr\u00e9dito mediante Links de Pago<\/em><\/p>\n","protected":false},"excerpt":{"rendered":"<p>Produce testales boleados de harina de trigo a una velocidad inigualable. Nuestra\u00a0Boleadora Autom\u00e1tica automatiza el proceso de boleo. Primero, se introduce en el sinf\u00edn el tanto de harina previamente cortado,&#8230;<\/p>\n","protected":false},"featured_media":685,"comment_status":"open","ping_status":"closed","template":"","meta":[],"product_brand":[],"product_cat":[18],"product_tag":[],"class_list":{"0":"post-720","1":"product","2":"type-product","3":"status-publish","4":"has-post-thumbnail","6":"product_cat-tortilleria-de-harina","8":"first","9":"instock","10":"shipping-taxable","11":"purchasable","12":"product-type-simple"},"_links":{"self":[{"href":"https:\/\/eingmex.com\/index.php?rest_route=\/wp\/v2\/product\/720","targetHints":{"allow":["GET"]}}],"collection":[{"href":"https:\/\/eingmex.com\/index.php?rest_route=\/wp\/v2\/product"}],"about":[{"href":"https:\/\/eingmex.com\/index.php?rest_route=\/wp\/v2\/types\/product"}],"replies":[{"embeddable":true,"href":"https:\/\/eingmex.com\/index.php?rest_route=%2Fwp%2Fv2%2Fcomments&post=720"}],"wp:featuredmedia":[{"embeddable":true,"href":"https:\/\/eingmex.com\/index.php?rest_route=\/wp\/v2\/media\/685"}],"wp:attachment":[{"href":"https:\/\/eingmex.com\/index.php?rest_route=%2Fwp%2Fv2%2Fmedia&parent=720"}],"wp:term":[{"taxonomy":"product_brand","embeddable":true,"href":"https:\/\/eingmex.com\/index.php?rest_route=%2Fwp%2Fv2%2Fproduct_brand&post=720"},{"taxonomy":"product_cat","embeddable":true,"href":"https:\/\/eingmex.com\/index.php?rest_route=%2Fwp%2Fv2%2Fproduct_cat&post=720"},{"taxonomy":"product_tag","embeddable":true,"href":"https:\/\/eingmex.com\/index.php?rest_route=%2Fwp%2Fv2%2Fproduct_tag&post=720"}],"curies":[{"name":"wp","href":"https:\/\/api.w.org\/{rel}","templated":true}]}}