{"id":721,"date":"2025-03-21T00:00:57","date_gmt":"2025-03-21T06:00:57","guid":{"rendered":"https:\/\/eingmex.com\/?post_type=product&#038;p=721"},"modified":"2025-03-21T00:00:58","modified_gmt":"2025-03-21T06:00:58","slug":"prensa-manual-a-gas","status":"publish","type":"product","link":"https:\/\/eingmex.com\/?product=prensa-manual-a-gas","title":{"rendered":"Prensa manual a gas"},"content":{"rendered":"<p>Nuestra l\u00ednea de <span class=\"font-w-700\">Prensas manual Mod. ANECO<\/span> mezcla lo mejor de la tecnolog\u00eda de nuestras prensas para tortilla de harina de trigo, con el comal tradicional.<\/p>\n<p>Las planchas de esta prensa son calentadas por una fuerte flama a gas para poder alcanzar la temperatura ideal para presionar el testal. Posteriormente, la tortilla se desliza hacia el comal. Todo el proceso es manual, por lo que se puede aumentar la producci\u00f3n hasta un 30%, dependiendo de la velocidad al presionar la tortilla.<\/p>\n<ul>\n<li>Produce aproximadamente\u00a0<span class=\"font-w-700\">1000 tortillas p\/hora<\/span><\/li>\n<li>Produce tortillas de entre\u00a0<span class=\"font-w-700\">10cm y 27cm de di\u00e1metro<\/span><\/li>\n<li>Produce tortillas con un grosor de\u00a0<span class=\"font-w-700\">1mm a 3mm<\/span><\/li>\n<li>Bajos costos de operaci\u00f3n<\/li>\n<li>Excelente cocimiento<\/li>\n<li>Plancha de aluminio de f\u00e1cil calentamiento<\/li>\n<li>Ahorra mano de obra<\/li>\n<li>No requiere energ\u00eda el\u00e9ctrica<\/li>\n<\/ul>\n<p><strong>TIEMPO DE ENTREGA:<\/strong><br \/>\nDe 2 a 4 Semanas, Se paga el 50% al ordenar y el resto al estar lista la m\u00e1quina<\/p>\n<p><strong>ENTREGA EXPRESS:<\/strong><br \/>\nDe 2 a 7 d\u00edas siendo el pago es de contado directamente a la cuenta de EINGMEX<\/p>\n<p>Tambi\u00e9n podemos enviar a Estados Unidos, Canad\u00e1, San Jos\u00e9 Costa Rica, Guatemala etc.<\/p>\n<p style=\"text-align: center;\">\ud83d\ude80Para realizar la cotizaci\u00f3n envianos mediante la seccion de contacto o nuestro chat \u00a0los siguientes datos.<br \/>\nSi requiere el env\u00edo a domicilio o ocurre.<br \/>\nPa\u00eds o Municipio.<br \/>\nC.P.<\/p>\n<p><strong>GARANT\u00cdA<\/strong><br \/>\nLa garant\u00eda de 6 meses contra defecto de fabricaci\u00f3n, Tambien se les env\u00eda un video por correo o por Whatsapp\u00a0 antes de enviarla en el cual consta en buen funcionamiento de la maquina o en su caso puede venir el cliente a checar el funcionamiento de la misma a nuestro taller.<\/p>\n<p><strong>METODOS DE PAGO<\/strong><\/p>\n<p>\ud83d\udcccEfectivo pagando en nuestro taller ubicado en Monterrey<\/p>\n<p>\ud83d\udcccTransferencia o Dep\u00f3sitos Bancarios<\/p>\n<p>\ud83d\udcccPago con Tarjeta de Debito o Cr\u00e9dito<\/p>\n<p><em>Si usted se ubica en otro estado o pa\u00eds puede realizar pagos con tarjetas de debito o cr\u00e9dito mediante Links de Pago<\/em><\/p>\n","protected":false},"excerpt":{"rendered":"<p>Nuestra l\u00ednea de Prensas manual Mod. ANECO mezcla lo mejor de la tecnolog\u00eda de nuestras prensas para tortilla de harina de trigo, con el comal tradicional. Las planchas de esta&#8230;<\/p>\n","protected":false},"featured_media":722,"comment_status":"open","ping_status":"closed","template":"","meta":[],"product_brand":[],"product_cat":[18],"product_tag":[],"class_list":{"0":"post-721","1":"product","2":"type-product","3":"status-publish","4":"has-post-thumbnail","6":"product_cat-tortilleria-de-harina","8":"first","9":"instock","10":"shipping-taxable","11":"purchasable","12":"product-type-simple"},"_links":{"self":[{"href":"https:\/\/eingmex.com\/index.php?rest_route=\/wp\/v2\/product\/721","targetHints":{"allow":["GET"]}}],"collection":[{"href":"https:\/\/eingmex.com\/index.php?rest_route=\/wp\/v2\/product"}],"about":[{"href":"https:\/\/eingmex.com\/index.php?rest_route=\/wp\/v2\/types\/product"}],"replies":[{"embeddable":true,"href":"https:\/\/eingmex.com\/index.php?rest_route=%2Fwp%2Fv2%2Fcomments&post=721"}],"wp:featuredmedia":[{"embeddable":true,"href":"https:\/\/eingmex.com\/index.php?rest_route=\/wp\/v2\/media\/722"}],"wp:attachment":[{"href":"https:\/\/eingmex.com\/index.php?rest_route=%2Fwp%2Fv2%2Fmedia&parent=721"}],"wp:term":[{"taxonomy":"product_brand","embeddable":true,"href":"https:\/\/eingmex.com\/index.php?rest_route=%2Fwp%2Fv2%2Fproduct_brand&post=721"},{"taxonomy":"product_cat","embeddable":true,"href":"https:\/\/eingmex.com\/index.php?rest_route=%2Fwp%2Fv2%2Fproduct_cat&post=721"},{"taxonomy":"product_tag","embeddable":true,"href":"https:\/\/eingmex.com\/index.php?rest_route=%2Fwp%2Fv2%2Fproduct_tag&post=721"}],"curies":[{"name":"wp","href":"https:\/\/api.w.org\/{rel}","templated":true}]}}