{"id":723,"date":"2025-03-21T00:06:44","date_gmt":"2025-03-21T06:06:44","guid":{"rendered":"https:\/\/eingmex.com\/?post_type=product&#038;p=723"},"modified":"2025-05-30T23:12:04","modified_gmt":"2025-05-31T04:12:04","slug":"cocedor-con-prensa","status":"publish","type":"product","link":"https:\/\/eingmex.com\/?product=cocedor-con-prensa","title":{"rendered":"Cocedor con prensa"},"content":{"rendered":"<p>Nuestra nueva MLPH de Leva combina la eficiencia de nuestra l\u00ednea MLPH con la calidad y capacidad de producci\u00f3n de una prensa de leva. Adem\u00e1s, el chasis incluye un espiguero para colocar las charolas con los testales listos para trabajar. La plancha de aluminio de esta prensa es calentada para poder alcanzar la temperatura ideal para presionar el testal. Posteriormente, la tortilla cruda se desliza hacia los comales.<\/p>\n<ul>\n<li>Produce aproximadamente\u00a0<span class=\"font-w-700\">1900 tortillas p\/hora<\/span><\/li>\n<li>Produce tortillas de entre\u00a0<span class=\"font-w-700\">10cm y 27 cm de di\u00e1metro<\/span><\/li>\n<li>Produce tortillas con un grosor de\u00a0<span class=\"font-w-700\">1mm a 3mm<\/span><\/li>\n<li>Plancha de aluminio de f\u00e1cil calentamiento<\/li>\n<li>Bajos consumo de refacciones<\/li>\n<li>Bajos costos de operaci\u00f3n<\/li>\n<li>Excelente cocimiento<\/li>\n<li>Ahorra mano de obra<\/li>\n<\/ul>\n<p><strong>TIEMPO DE ENTREGA:<\/strong><br \/>\nDe 4 a 5 Semanas, Se paga el 50% al ordenar y el resto al estar lista la m\u00e1quina<\/p>\n<p><strong>ENTREGA EXPRESS:<\/strong><br \/>\nDe 2 a 7 d\u00edas siendo el pago es de contado directamente a la cuenta de EINGMEX<\/p>\n<p>Tambi\u00e9n podemos enviar a Estados Unidos, Canad\u00e1, San Jos\u00e9 Costa Rica, Guatemala etc.<\/p>\n<p style=\"text-align: center;\">\ud83d\ude80Para realizar la cotizaci\u00f3n envianos mediante la seccion de contacto o nuestro chat \u00a0los siguientes datos.<br \/>\nSi requiere el env\u00edo a domicilio o ocurre.<br \/>\nPa\u00eds o Municipio.<br \/>\nC.P.<\/p>\n<p><strong>GARANT\u00cdA<\/strong><br \/>\nLa garant\u00eda de 6 meses contra defecto de fabricaci\u00f3n, Tambien se les env\u00eda un video por correo o por Whatsapp\u00a0 antes de enviarla en el cual consta en buen funcionamiento de la maquina o en su caso puede venir el cliente a checar el funcionamiento de la misma a nuestro taller.<\/p>\n<p><strong>METODOS DE PAGO<\/strong><\/p>\n<p>\ud83d\udcccEfectivo pagando en nuestro taller ubicado en Monterrey<\/p>\n<p>\ud83d\udcccTransferencia o Dep\u00f3sitos Bancarios<\/p>\n<p>\ud83d\udcccPago con Tarjeta de Debito o Cr\u00e9dito<\/p>\n<p><em>Si usted se ubica en otro estado o pa\u00eds puede realizar pagos con tarjetas de debito o cr\u00e9dito mediante Links de Pago<\/em><\/p>\n","protected":false},"excerpt":{"rendered":"<p>Nuestra nueva MLPH de Leva combina la eficiencia de nuestra l\u00ednea MLPH con la calidad y capacidad de producci\u00f3n de una prensa de leva. Adem\u00e1s, el chasis incluye un espiguero&#8230;<\/p>\n","protected":false},"featured_media":724,"comment_status":"open","ping_status":"closed","template":"","meta":[],"product_brand":[],"product_cat":[18],"product_tag":[],"class_list":{"0":"post-723","1":"product","2":"type-product","3":"status-publish","4":"has-post-thumbnail","6":"product_cat-tortilleria-de-harina","8":"first","9":"instock","10":"shipping-taxable","11":"purchasable","12":"product-type-simple"},"_links":{"self":[{"href":"https:\/\/eingmex.com\/index.php?rest_route=\/wp\/v2\/product\/723","targetHints":{"allow":["GET"]}}],"collection":[{"href":"https:\/\/eingmex.com\/index.php?rest_route=\/wp\/v2\/product"}],"about":[{"href":"https:\/\/eingmex.com\/index.php?rest_route=\/wp\/v2\/types\/product"}],"replies":[{"embeddable":true,"href":"https:\/\/eingmex.com\/index.php?rest_route=%2Fwp%2Fv2%2Fcomments&post=723"}],"wp:featuredmedia":[{"embeddable":true,"href":"https:\/\/eingmex.com\/index.php?rest_route=\/wp\/v2\/media\/724"}],"wp:attachment":[{"href":"https:\/\/eingmex.com\/index.php?rest_route=%2Fwp%2Fv2%2Fmedia&parent=723"}],"wp:term":[{"taxonomy":"product_brand","embeddable":true,"href":"https:\/\/eingmex.com\/index.php?rest_route=%2Fwp%2Fv2%2Fproduct_brand&post=723"},{"taxonomy":"product_cat","embeddable":true,"href":"https:\/\/eingmex.com\/index.php?rest_route=%2Fwp%2Fv2%2Fproduct_cat&post=723"},{"taxonomy":"product_tag","embeddable":true,"href":"https:\/\/eingmex.com\/index.php?rest_route=%2Fwp%2Fv2%2Fproduct_tag&post=723"}],"curies":[{"name":"wp","href":"https:\/\/api.w.org\/{rel}","templated":true}]}}