{"id":725,"date":"2025-03-21T00:11:12","date_gmt":"2025-03-21T06:11:12","guid":{"rendered":"https:\/\/eingmex.com\/?post_type=product&#038;p=725"},"modified":"2025-05-30T23:06:53","modified_gmt":"2025-05-31T04:06:53","slug":"prensa-de-libro-con-horno-de-comales-giratorio","status":"publish","type":"product","link":"https:\/\/eingmex.com\/?product=prensa-de-libro-con-horno-de-comales-giratorio","title":{"rendered":"Prensa de libro con horno de comales giratorio"},"content":{"rendered":"<p><strong>ESPECIFICACIONES<\/strong><br \/>\nCocee la tortilla de harina de forma autom\u00e1tica ideal para comercios donde hay contacto con los clientes, su dise\u00f1o le permite observar el proceso de fabricaci\u00f3n de la tortilla desde que se prensa hasta el cocido del mismo. Haciendo que el proceso de tortilla de harina sea m\u00e1s simple y productivo.<\/p>\n<p>C\u00f3mo somos fabricantes nos adaptamos a lo que el cliente necesite realizando pruebas y haciendo modificaciones en nuestras maquinas.<\/p>\n<p>Estamos en contacto con nuestros clientes d\u00e1ndoles asesor\u00eda v\u00eda telef\u00f3nica o por WhatsApp.<\/p>\n<p><span class=\"titulo\">Caracter\u00edsticas:<\/span><\/p>\n<p><span class=\"texto\">\ud83d\udcddConstruida en prensa de 12&#8243; y 15&#8243;.<\/span><\/p>\n<p><span class=\"texto\">\ud83d\udcddLa prensa de 12&#8243; da 1320 golpes por hora pudiendo obtener una tortilla con un di\u00e1metro desde 10 hasta 20 cent\u00edmetros.<\/span><\/p>\n<p><span class=\"texto\">\ud83d\udcddLa prensa de 15&#8243; da 1000 golpes por hora pudiendo obtener una tortilla con un di\u00e1metro desde 10 hasta 30 cent\u00edmetros.<\/span><\/p>\n<p><span class=\"texto\">\ud83d\udcddPrensa con calentamiento el\u00e9ctrico en ambas planchas, fabricada en aleaci\u00f3n especial de aluminio para mayor difusi\u00f3n de calor y ahorro de energ\u00eda.<\/span><\/p>\n<p><span class=\"texto\">\ud83d\udcddCuatro c\u00f3males de acero al carb\u00f3n, con calentamiento individual a base de gas, con raspadores de tefl\u00f3n con ajuste autom\u00e1tico para desviar la tortilla al nivel inmediato inferior y lograr as\u00ed un total de dos cocimientos por cada cara de la tortilla.<\/span><\/p>\n<p><span class=\"texto\">\ud83d\udcddVidrios refractarios por tres lados del equipo, para permitir al publico una perfecta vista de la calidad del producto que va a adquirir.<\/span><\/p>\n<p><span class=\"texto\">\ud83d\udcddInstrumentos colocados al alcance de la mano del operario para su mejor control, para que pueda ajustar la temperatura de operaci\u00f3n del equipo, as\u00ed como interruptores para el control de los circuitos el\u00e9ctricos de la maquina.<\/span><\/p>\n<p><span class=\"texto\">\ud83d\udcddDetector de falla de flama que protege al equipo y al personal contra da\u00f1os que pudiesen derivarse de escapes de gas en caso de falla de la energ\u00eda el\u00e9ctrica, encendido electr\u00f3nico a base de chispa, controlado por el detector de falla de flama.<\/span><\/p>\n<p><span class=\"texto\">\ud83d\udcddCorriente el\u00e9ctrica 220 monof\u00e1sica con neutro<\/span><b><span class=\"texto\">.<\/span><\/b><\/p>\n<p><strong>TIEMPO DE ENTREGA:<\/strong><br \/>\nDe 4 a 5 Semanas, Se paga el 50% al ordenar y el resto al estar lista la m\u00e1quina<\/p>\n<p><strong>ENTREGA EXPRESS:<\/strong><br \/>\nDe 2 a 7 d\u00edas siendo el pago es de contado directamente a la cuenta de EINGMEX<\/p>\n<p>Tambi\u00e9n podemos enviar a Estados Unidos, Canad\u00e1, San Jos\u00e9 Costa Rica, Guatemala etc.<\/p>\n<p style=\"text-align: center;\">\ud83d\ude80\ud83d\ude9bPara realizar la cotizaci\u00f3n env\u00edanos mediante la seccion de contacto o nuestro chat \u00a0los siguientes datos.<br \/>\nSi requiere el env\u00edo a domicilio o ocurre.<br \/>\nPa\u00eds o Municipio.<br \/>\nC.P.<\/p>\n<p><strong>GARANT\u00cdA<\/strong><br \/>\nLa garant\u00eda de 6 meses contra defecto de fabricaci\u00f3n, Tambien se les env\u00eda un video por correo o por Whatsapp\u00a0 antes de enviarla en el cual consta en buen funcionamiento de la maquina o en su caso puede venir el cliente a checar el funcionamiento de la misma a nuestro taller.<\/p>\n<p><strong>METODOS DE PAGO<\/strong><\/p>\n<p>\ud83d\udcccEfectivo pagando en nuestro taller ubicado en Monterrey y nuestras oficinas en General Escobedo<\/p>\n<p>\ud83d\udcccTransferencia o Dep\u00f3sitos Bancarios<\/p>\n<p>\ud83d\udcccPago con Tarjeta de Debito o Cr\u00e9dito<\/p>\n<p><em>Si usted se ubica en otro estado o pa\u00eds puede realizar pagos con tarjetas de debito o cr\u00e9dito mediante Links de Pago<\/em><\/p>\n","protected":false},"excerpt":{"rendered":"<p>ESPECIFICACIONES Cocee la tortilla de harina de forma autom\u00e1tica ideal para comercios donde hay contacto con los clientes, su dise\u00f1o le permite observar el proceso de fabricaci\u00f3n de la tortilla&#8230;<\/p>\n","protected":false},"featured_media":726,"comment_status":"open","ping_status":"closed","template":"","meta":[],"product_brand":[],"product_cat":[18],"product_tag":[],"class_list":{"0":"post-725","1":"product","2":"type-product","3":"status-publish","4":"has-post-thumbnail","6":"product_cat-tortilleria-de-harina","8":"first","9":"instock","10":"shipping-taxable","11":"purchasable","12":"product-type-simple"},"_links":{"self":[{"href":"https:\/\/eingmex.com\/index.php?rest_route=\/wp\/v2\/product\/725","targetHints":{"allow":["GET"]}}],"collection":[{"href":"https:\/\/eingmex.com\/index.php?rest_route=\/wp\/v2\/product"}],"about":[{"href":"https:\/\/eingmex.com\/index.php?rest_route=\/wp\/v2\/types\/product"}],"replies":[{"embeddable":true,"href":"https:\/\/eingmex.com\/index.php?rest_route=%2Fwp%2Fv2%2Fcomments&post=725"}],"wp:featuredmedia":[{"embeddable":true,"href":"https:\/\/eingmex.com\/index.php?rest_route=\/wp\/v2\/media\/726"}],"wp:attachment":[{"href":"https:\/\/eingmex.com\/index.php?rest_route=%2Fwp%2Fv2%2Fmedia&parent=725"}],"wp:term":[{"taxonomy":"product_brand","embeddable":true,"href":"https:\/\/eingmex.com\/index.php?rest_route=%2Fwp%2Fv2%2Fproduct_brand&post=725"},{"taxonomy":"product_cat","embeddable":true,"href":"https:\/\/eingmex.com\/index.php?rest_route=%2Fwp%2Fv2%2Fproduct_cat&post=725"},{"taxonomy":"product_tag","embeddable":true,"href":"https:\/\/eingmex.com\/index.php?rest_route=%2Fwp%2Fv2%2Fproduct_tag&post=725"}],"curies":[{"name":"wp","href":"https:\/\/api.w.org\/{rel}","templated":true}]}}