{"id":885,"date":"2025-04-12T17:36:56","date_gmt":"2025-04-12T22:36:56","guid":{"rendered":"https:\/\/eingmex.com\/?post_type=product&#038;p=885"},"modified":"2025-08-10T03:31:01","modified_gmt":"2025-08-10T08:31:01","slug":"cortadora-automatica-neumatica","status":"publish","type":"product","link":"https:\/\/eingmex.com\/?product=cortadora-automatica-neumatica","title":{"rendered":"Cortadora automatica neumatica"},"content":{"rendered":"<div style=\"width: 690px;\" class=\"wp-video\"><video class=\"wp-video-shortcode\" id=\"video-885-1\" width=\"690\" height=\"1212\" preload=\"metadata\" controls=\"controls\"><source type=\"video\/mp4\" src=\"https:\/\/eingmex.com\/wp-content\/uploads\/2025\/04\/Diseno-sin-titulo-2.mp4?_=1\" \/><a href=\"https:\/\/eingmex.com\/wp-content\/uploads\/2025\/04\/Diseno-sin-titulo-2.mp4\">https:\/\/eingmex.com\/wp-content\/uploads\/2025\/04\/Diseno-sin-titulo-2.mp4<\/a><\/video><\/div>\n<p>Operaci\u00f3n autom\u00e1tica, practica, ligera y port\u00e1til, para montar en cualquier mesa de trabajo o sobre la boleadora que tengas o que quieras adquirir ya sea de banda, de gusano, o naylamin<\/p>\n<p>Pesa: 10 kg<br \/>\nMedidas\u00a0 \u00a0 \u00a0 \u00a0 \u00a0 \u00a0 \u00a0 \u00a0 \u00a0 \u00a0 \u00a0 \u00a0 \u00a0 \u00a0 \u00a0 \u00a0 \u00a0 \u00a0 \u00a0 \u00a0 \u00a0 \u00a0 \u00a0 \u00a0 \u00a0 \u00a0 \u00a0 \u00a0 \u00a0 \u00a0 \u00a0 \u00a0 \u00a0 \u00a0 \u00a0 \u00a0 \u00a0 \u00a0 \u00a0 \u00a0 \u00a0 \u00a0 \u00a0 \u00a0 \u00a0 \u00a0 \u00a0 \u00a0 \u00a0 \u00a0 \u00a0 \u00a0 \u00a0 \u00a0 \u00a0 \u00a0 \u00a0 \u00a0 \u00a0 \u00a0 \u00a0 \u00a0 \u00a0 \u00a0 \u00a0 \u00a0 \u00a0 \u00a0 \u00a0 \u00a0 \u00a0 \u00a0 \u00a0 \u00a0 \u00a0 \u00a0 \u00a0 \u00a0 \u00a0 \u00a0 \u00a0 \u00a0 \u00a0 \u00a0 \u00a0 \u00a0 \u00a0 \u00a0 \u00a0 \u00a0 \u00a0 \u00a0 \u00a0 \u00a0 \u00a0 \u00a0 \u00a0 \u00a0 \u00a0 \u00a0 \u00a0 \u00a0 \u00a0 \u00a0 \u00a0 \u00a0 \u00a0 \u00a0 \u00a0 \u00a0 \u00a0 \u00a0 \u00a0 \u00a0 \u00a0 \u00a0 \u00a0 \u00a0 Frente: 0.75cm\u00a0 Fondo: 0.40cm Altura: 0.60cm<\/p>\n<p>CARACTERISTICAS:<\/p>\n<p>\u2714\ufe0fFabricada en acero inoxidable 304 grado alimenticio.<br \/>\n\u2714\ufe0f Corta porciones de masa con esta extrusora cortadora autom\u00e1tica desde 20 gramos hasta 150 gramos.<br \/>\n\u2714\ufe0f La variaci\u00f3n entre los textales cortados es de uno a dos gramos m\u00e1ximo<br \/>\n\u2714\ufe0f Requiere alimentaci\u00f3n el\u00e9ctrica 110volts\u00a0 \u00a0 \u00a0 \u00a0 \u00a0 \u00a0 \u00a0 \u00a0 \u00a0 \u00a0 \u00a0 \u00a0 \u00a0 \u00a0 \u00a0 \u00a0 \u00a0 \u00a0 \u00a0 \u00a0 \u00a0 \u00a0 \u00a0 \u00a0 \u00a0 \u00a0 \u00a0 \u00a0 \u00a0 \u00a0 \u00a0 \u00a0 \u00a0 \u00a0 \u00a0 \u00a0 \u00a0 \u00a0 \u00a0 \u00a0 \u00a0 \u00a0 \u00a0 \u00a0 \u00a0 \u00a0 \u00a0 \u00a0 \u00a0 \u00a0 \u00a0 \u00a0 \u00a0 \u00a0 \u00a0 \u00a0 \u00a0 \u00a0 \u00a0 \u00a0 \u00a0 \u00a0 \u00a0 \u00a0 \u00a0 \u00a0 \u00a0 \u00a0 \u00a0 \u00a0 \u00a0 \u00a0 \u00a0 \u00a0 \u00a0 \u00a0 \u00a0 \u00a0 \u00a0 \u00a0 \u00a0 \u00a0 \u00a0 \u00a0 \u2714\ufe0f La alimentaci\u00f3n de la masa, hacia la boquilla de descarga, se realiza con un pist\u00f3n neum\u00e1tico.<br \/>\n\u2714\ufe0f El corte es autom\u00e1tico con pist\u00f3n neum\u00e1tico.<\/p>\n<p>CAPACIDAD DE CORTE<br \/>\n5 kgs por carga<br \/>\nCon textales de 30 gramos<br \/>\n30 gramos x segundo<br \/>\n1800 gramos por minuto = 1.8 kg x min<br \/>\n108000 gramos x hora = 108 kg x hr<\/p>\n<p>Con textales de 50 gramos<br \/>\n50 gramos x segundo<br \/>\n3000 gramos por minuto= 3.0 kg x min<br \/>\n180000 grms x hr= 180 kg x hora<\/p>\n<p>Cortadora con capacidad de 5Kg $55,000<\/p>\n<p>Cortadora con capacidad de 10Kg $80,000<\/p>\n<p>Cortadora con capacidad de 20Kg $110,000<\/p>\n<p><strong>TIEMPO DE ENTREGA:<\/strong><br \/>\nDe 2 a 4 Semanas, Se paga el 50% al ordenar y el resto al estar lista la m\u00e1quina<\/p>\n<p><strong>ENTREGA EXPRESS\u00a0<\/strong><br \/>\nDe 4 a 8 d\u00edas siendo el pago es de contado directamente a la cuenta de EINGMEX<\/p>\n<p>Tambi\u00e9n podemos enviar a Estados Unidos, Canad\u00e1, San Jos\u00e9 Costa Rica, Guatemala etc.<\/p>\n<p>Para realizar la cotizaci\u00f3n env\u00edanos mediante la secci\u00f3n de contacto o nuestro chat \u00a0los siguientes datos.<br \/>\nSi requiere el env\u00edo a domicilio o ocurre.<br \/>\nPa\u00eds o Municipio.<br \/>\nC.P<\/p>\n<p><strong>GARANT\u00cdA<\/strong><br \/>\nLa garant\u00eda de 6 meses contra defecto de fabricaci\u00f3n, Tambien se les env\u00eda un video por correo o por Whatsapp antes de enviarla en el cual consta en buen funcionamiento de la maquina o en su caso puede venir el cliente a checar el funcionamiento de la misma a nuestro taller.<\/p>\n<p><strong>METODOS DE PAGO<\/strong><\/p>\n<p>*Efectivo pagando en nuestro taller ubicado en Monterrey y General Escobedo, Nuevo Leon.<\/p>\n<p>*Transferencia o Dep\u00f3sitos Bancarios<\/p>\n<p>*Pago con Tarjeta de Debito o Cr\u00e9dito<\/p>\n<p>*Si usted se ubica en otro estado o pa\u00eds puede realizar pagos con tarjetas de debito o cr\u00e9dito mediante Links de Pago<\/p>\n<p>GARANT\u00cdA<br \/>\nDe 6 meses contra defecto de fabricaci\u00f3n, excepto en lo el\u00e9ctrico. Tambi\u00e9n para su mayor tranquilidad enviamos un video antes de enviarla la m\u00e1quina, el cual consta en buen funcionamiento de la m\u00e1quina o en su caso puede venir el cliente personalmente a checar el funcionamiento de la misma.<\/p>\n<p>&nbsp;<\/p>\n","protected":false},"excerpt":{"rendered":"<p><em>Promoci\u00f3n valida hasta el 31 de abril del 20205. Aplican Restricciones.<\/em><\/p>\n","protected":false},"featured_media":887,"comment_status":"open","ping_status":"closed","template":"","meta":[],"product_brand":[],"product_cat":[19,20,18],"product_tag":[],"class_list":{"0":"post-885","1":"product","2":"type-product","3":"status-publish","4":"has-post-thumbnail","6":"product_cat-panaderias","7":"product_cat-pizzerias","8":"product_cat-tortilleria-de-harina","10":"first","11":"instock","12":"shipping-taxable","13":"purchasable","14":"product-type-simple"},"_links":{"self":[{"href":"https:\/\/eingmex.com\/index.php?rest_route=\/wp\/v2\/product\/885","targetHints":{"allow":["GET"]}}],"collection":[{"href":"https:\/\/eingmex.com\/index.php?rest_route=\/wp\/v2\/product"}],"about":[{"href":"https:\/\/eingmex.com\/index.php?rest_route=\/wp\/v2\/types\/product"}],"replies":[{"embeddable":true,"href":"https:\/\/eingmex.com\/index.php?rest_route=%2Fwp%2Fv2%2Fcomments&post=885"}],"wp:featuredmedia":[{"embeddable":true,"href":"https:\/\/eingmex.com\/index.php?rest_route=\/wp\/v2\/media\/887"}],"wp:attachment":[{"href":"https:\/\/eingmex.com\/index.php?rest_route=%2Fwp%2Fv2%2Fmedia&parent=885"}],"wp:term":[{"taxonomy":"product_brand","embeddable":true,"href":"https:\/\/eingmex.com\/index.php?rest_route=%2Fwp%2Fv2%2Fproduct_brand&post=885"},{"taxonomy":"product_cat","embeddable":true,"href":"https:\/\/eingmex.com\/index.php?rest_route=%2Fwp%2Fv2%2Fproduct_cat&post=885"},{"taxonomy":"product_tag","embeddable":true,"href":"https:\/\/eingmex.com\/index.php?rest_route=%2Fwp%2Fv2%2Fproduct_tag&post=885"}],"curies":[{"name":"wp","href":"https:\/\/api.w.org\/{rel}","templated":true}]}}