{"id":890,"date":"2025-04-14T18:14:32","date_gmt":"2025-04-14T23:14:32","guid":{"rendered":"https:\/\/eingmex.com\/?post_type=product&#038;p=890"},"modified":"2025-06-05T18:48:18","modified_gmt":"2025-06-05T23:48:18","slug":"horno-de-comales-giratorio-chico","status":"publish","type":"product","link":"https:\/\/eingmex.com\/?product=horno-de-comales-giratorio-chico","title":{"rendered":"Horno de comales giratorio"},"content":{"rendered":"<p><strong>ESPECIFICACIONES<\/strong><br \/>\nCocee la tortilla de harina de forma autom\u00e1tica ideal para comercios donde hay contacto con los clientes, su dise\u00f1o le permite observar el proceso de fabricaci\u00f3n de la tortilla desde que se prensa hasta el cocido del mismo. Haciendo que el proceso de tortilla de harina sea m\u00e1s simple y productivo.<\/p>\n<p>C\u00f3mo somos fabricantes nos adaptamos a lo que el cliente necesite realizando pruebas y haciendo modificaciones en nuestras maquinas.<\/p>\n<p>Estamos en contacto con nuestros clientes d\u00e1ndoles asesor\u00eda v\u00eda telef\u00f3nica o por WhatsApp.<\/p>\n<p><strong>MEDIDAS<\/strong>:<br \/>\n0.80cm. de ancho por 0.75 cm. de largo y 1.25 cm. de alto.<\/p>\n<p><strong>PESO<\/strong>: 100Kg<\/p>\n<p><strong>PRODUCCI\u00d3N<\/strong>:<br \/>\nCocee mas de 900 testales por hora aproximadamente.<\/p>\n<p><strong>CARACTER\u00cdSTICAS<\/strong>:<br \/>\n\ud83d\udcddFabricada en acero reforzado.<br \/>\n\ud83d\udcddCorriente 110 o 220 seg\u00fan sus necesidades.<br \/>\n\ud83d\udcddCocee tortilla hasta 28 cm.<br \/>\n\ud83d\udcddTiene ruedas para su f\u00e1cil traslado.<br \/>\n\ud83d\udcddLos resbaladeros son de acero.<br \/>\n\ud83d\udcddLos quemadores son ajustable con las perillas.<br \/>\n\ud83d\udcddSe puede fabricar con las medidas que requiera.<\/p>\n<p><strong>TIEMPO DE ENTREGA<\/strong><br \/>\nDe 2 a 6 Semanas, Se paga el 50% al ordenar y el resto al estar lista la m\u00e1quina<\/p>\n<p><strong>ENTREGA EXPRESS<\/strong><br \/>\nDe 7 a 10 d\u00edas siendo el pago es de contado directamente a la cuenta de EINGMEX<\/p>\n<p>Tambi\u00e9n podemos enviar a Estados Unidos, Canad\u00e1, San Jos\u00e9 Costa Rica, Guatemala etc.<\/p>\n<p style=\"text-align: center;\">\ud83d\ude9b\ud83d\ude80Para realizar la cotizaci\u00f3n env\u00edanos mediante la secci\u00f3n de contacto o nuestro chat los siguientes datos.<br \/>\nSi requiere el env\u00edo a domicilio o ocurre.<br \/>\nPa\u00eds o Municipio.<br \/>\nC.P<\/p>\n<p><strong>GARANTIA<\/strong><br \/>\nDe 6 meses contra defecto de fabricaci\u00f3n, excepto en lo el\u00e9ctrico. Tambi\u00e9n para su mayor tranquilidad enviamos un video antes de enviarla la m\u00e1quina, el cual consta en buen funcionamiento de la m\u00e1quina o en su caso puede venir el cliente personalmente a checar el funcionamiento de la misma.<\/p>\n<p>Nota:<br \/>\nEsta m\u00e1quina es pr\u00e1cticamente nueva lo \u00fanico que es usado es el motorreductor el cual es probado anteriormente por una persona especializada para su buen funcionamiento ya que si fueran nuevos se elevar\u00eda demasiado el precio de la m\u00e1quina.<\/p>\n","protected":false},"excerpt":{"rendered":"<p>Aplican t\u00e9rminos y condiciones. Valido del 1 al 30 de abril del 2025 \u00fanicamente en pagos al contado.<\/p>\n","protected":false},"featured_media":893,"comment_status":"open","ping_status":"closed","template":"","meta":[],"product_brand":[],"product_cat":[18],"product_tag":[],"class_list":{"0":"post-890","1":"product","2":"type-product","3":"status-publish","4":"has-post-thumbnail","6":"product_cat-tortilleria-de-harina","8":"first","9":"instock","10":"shipping-taxable","11":"purchasable","12":"product-type-simple"},"_links":{"self":[{"href":"https:\/\/eingmex.com\/index.php?rest_route=\/wp\/v2\/product\/890","targetHints":{"allow":["GET"]}}],"collection":[{"href":"https:\/\/eingmex.com\/index.php?rest_route=\/wp\/v2\/product"}],"about":[{"href":"https:\/\/eingmex.com\/index.php?rest_route=\/wp\/v2\/types\/product"}],"replies":[{"embeddable":true,"href":"https:\/\/eingmex.com\/index.php?rest_route=%2Fwp%2Fv2%2Fcomments&post=890"}],"wp:featuredmedia":[{"embeddable":true,"href":"https:\/\/eingmex.com\/index.php?rest_route=\/wp\/v2\/media\/893"}],"wp:attachment":[{"href":"https:\/\/eingmex.com\/index.php?rest_route=%2Fwp%2Fv2%2Fmedia&parent=890"}],"wp:term":[{"taxonomy":"product_brand","embeddable":true,"href":"https:\/\/eingmex.com\/index.php?rest_route=%2Fwp%2Fv2%2Fproduct_brand&post=890"},{"taxonomy":"product_cat","embeddable":true,"href":"https:\/\/eingmex.com\/index.php?rest_route=%2Fwp%2Fv2%2Fproduct_cat&post=890"},{"taxonomy":"product_tag","embeddable":true,"href":"https:\/\/eingmex.com\/index.php?rest_route=%2Fwp%2Fv2%2Fproduct_tag&post=890"}],"curies":[{"name":"wp","href":"https:\/\/api.w.org\/{rel}","templated":true}]}}