{"id":904,"date":"2025-05-31T00:28:19","date_gmt":"2025-05-31T05:28:19","guid":{"rendered":"https:\/\/eingmex.com\/?post_type=product&#038;p=904"},"modified":"2025-08-10T03:34:59","modified_gmt":"2025-08-10T08:34:59","slug":"cortadora-boleadora-de-piston","status":"publish","type":"product","link":"https:\/\/eingmex.com\/?product=cortadora-boleadora-de-piston","title":{"rendered":"Cortadora boleadora de piston"},"content":{"rendered":"<div style=\"width: 1080px;\" class=\"wp-video\"><video class=\"wp-video-shortcode\" id=\"video-904-1\" width=\"1080\" height=\"608\" preload=\"metadata\" controls=\"controls\"><source type=\"video\/mp4\" src=\"https:\/\/eingmex.com\/wp-content\/uploads\/2025\/05\/www.eingmex.com-1.mp4?_=1\" \/><a href=\"https:\/\/eingmex.com\/wp-content\/uploads\/2025\/05\/www.eingmex.com-1.mp4\">https:\/\/eingmex.com\/wp-content\/uploads\/2025\/05\/www.eingmex.com-1.mp4<\/a><\/video><\/div>\n<p>ESPECIFICACIONES:<\/p>\n<p>Esta maquina corta testales desde 4 hasta 900grs con diferentes tapas. Brinda una rapidez y precisi\u00f3n de corte y boleo agilizando el proceso de elaboraci\u00f3n de la tortilla.<\/p>\n<p>Siendo una m\u00e1quina muy eficiente por su sencilla y pr\u00e1ctica elaboraci\u00f3n. Se puede usar este tipo de m\u00e1quina tambi\u00e9n la elaboraci\u00f3n de pizzas, galletas o pan. Solo que el dise\u00f1o y precio var\u00eda por sus dimensiones al fabricar.<\/p>\n<p>Se pueden solicitar tapas adicionales, dependiendo el tama\u00f1o de corte del testal esto para hacer la maquina aun mas r\u00e1pida en los cortes. C\u00f3mo somos fabricantes nos adaptamos a lo que el cliente necesite realizando pruebas y haciendo modificaciones en nuestras maquinas.<\/p>\n<p>Estamos en contacto con nuestros clientes d\u00e1ndoles asesor\u00eda v\u00eda telef\u00f3nica o por WhatsApp. 8\ufe0f\u20e31\ufe0f\u20e32\ufe0f\u20e31\ufe0f\u20e38\ufe0f\u20e39\ufe0f\u20e34\ufe0f\u20e36\ufe0f\u20e30\ufe0f\u20e33\ufe0f\u20e3<\/p>\n<p>MEDIDAS: Ancho de .74cm. por 1 m de largo y de alto 1.60<\/p>\n<p>PRODUCCION: Mas de 3,500 testales por hora aproximadamente.<\/p>\n<p>CARACTER\u00cdSTICAS:<\/p>\n<p>\ud83d\udcddBanda de grado alimenticio.<\/p>\n<p>\ud83d\udcddCorriente 110 o 220 seg\u00fan sus necesidades.<\/p>\n<p>\ud83d\udcddBolea masa desde 4 gr. hasta 900 gr. (Si requiere que corte y bole m\u00e1s gramos se puede hacer de acuerdo a lo que requiera el cliente.)<\/p>\n<p>\ud83d\udcddTolva, gusano, navaja y riel son de acero inoxidable.<\/p>\n<p>\ud83d\udcddTiene 3 motores<\/p>\n<p>\ud83d\udcddControl de encendido<\/p>\n<p>\ud83d\udcddSe pueden fabricar tapas adicionales darle m\u00e1s rapidez a los tama\u00f1os del testal.<\/p>\n<p>Cortadora boleadora con capacidad de 5Kg $80,000<\/p>\n<p>Cortadora boleadora con capacidad de 10Kg $115,000<\/p>\n<p>Cortadora boleadora con capacidad de 20Kg $140,000<\/p>\n<p>&nbsp;<\/p>\n<p>TIEMPO DE ENTREGA: De 3 a 7 Semanas, Se paga el 50% al ordenar y el resto al estar lista la m\u00e1quina<\/p>\n<p>ENTREGA EXPRESS: De 4 a 15 d\u00edas siendo el pago es de contado directamente a la cuenta de EINGMEX<\/p>\n<p>Tambi\u00e9n podemos enviar a Estados Unidos, Canad\u00e1, San Jos\u00e9 Costa Rica, Guatemala etc.<\/p>\n<p>\ud83d\ude9b\ud83d\ude80Para realizar la cotizaci\u00f3n env\u00edanos mediante la secci\u00f3n de contacto o nuestro chat los siguientes datos. Si requiere el env\u00edo a domicilio o ocurre. Pa\u00eds o Municipio. C.P. GARANT\u00cdA<\/p>\n<p>La garant\u00eda de 6 meses contra defecto de fabricaci\u00f3n, Tambien se les env\u00eda un video por correo o por Whatsapp antes de enviarla en el cual consta en buen funcionamiento de la maquina o en su caso puede venir el cliente a checar el funcionamiento de la misma a nuestro taller.<\/p>\n<p>METODOS DE PAGO<\/p>\n<p>\ud83d\udcccEfectivo pagando en nuestro taller ubicado en Monterrey o nuestras oficinas.\u00a0 \u00a0 \u00a0 \u00a0 \u00a0 \u00a0 \u00a0 \u00a0 \u00a0 \u00a0 \u00a0 \u00a0 \u00a0 \u00a0 \u00a0 \u00a0 \u00a0 \u00a0 \ud83d\udcccTransferencia o Dep\u00f3sitos Bancarios\u00a0 \u00a0 \u00a0 \u00a0 \u00a0 \u00a0 \u00a0 \u00a0 \u00a0 \u00a0 \u00a0 \u00a0 \u00a0 \u00a0 \u00a0 \u00a0 \u00a0 \u00a0 \u00a0 \u00a0 \u00a0 \u00a0 \u00a0 \u00a0 \u00a0 \u00a0 \u00a0 \u00a0 \u00a0 \u00a0 \u00a0 \u00a0 \u00a0 \u00a0 \u00a0 \u00a0 \u00a0 \u00a0 \u00a0 \u00a0 \u00a0 \u00a0 \u00a0 \u00a0 \u00a0 \u00a0 \u00a0 \u00a0 \u00a0 \u00a0 \u00a0 \u00a0 \u00a0 \u00a0 \ud83d\udcccPago con Tarjeta de Debito o Cr\u00e9dito Si usted se ubica en otro estado o pa\u00eds puede realizar pagos con tarjetas de debito o cr\u00e9dito mediante Links de Pago<\/p>\n","protected":false},"excerpt":{"rendered":"<p>ESPECIFICACIONES: Esta maquina corta testales desde 4 hasta 900grs con diferentes tapas. Brinda una rapidez y precisi\u00f3n de corte y boleo agilizando el proceso de elaboraci\u00f3n de la tortilla. Siendo&#8230;<\/p>\n","protected":false},"featured_media":901,"comment_status":"open","ping_status":"closed","template":"","meta":[],"product_brand":[],"product_cat":[18],"product_tag":[],"class_list":{"0":"post-904","1":"product","2":"type-product","3":"status-publish","4":"has-post-thumbnail","6":"product_cat-tortilleria-de-harina","8":"first","9":"instock","10":"shipping-taxable","11":"purchasable","12":"product-type-simple"},"_links":{"self":[{"href":"https:\/\/eingmex.com\/index.php?rest_route=\/wp\/v2\/product\/904","targetHints":{"allow":["GET"]}}],"collection":[{"href":"https:\/\/eingmex.com\/index.php?rest_route=\/wp\/v2\/product"}],"about":[{"href":"https:\/\/eingmex.com\/index.php?rest_route=\/wp\/v2\/types\/product"}],"replies":[{"embeddable":true,"href":"https:\/\/eingmex.com\/index.php?rest_route=%2Fwp%2Fv2%2Fcomments&post=904"}],"wp:featuredmedia":[{"embeddable":true,"href":"https:\/\/eingmex.com\/index.php?rest_route=\/wp\/v2\/media\/901"}],"wp:attachment":[{"href":"https:\/\/eingmex.com\/index.php?rest_route=%2Fwp%2Fv2%2Fmedia&parent=904"}],"wp:term":[{"taxonomy":"product_brand","embeddable":true,"href":"https:\/\/eingmex.com\/index.php?rest_route=%2Fwp%2Fv2%2Fproduct_brand&post=904"},{"taxonomy":"product_cat","embeddable":true,"href":"https:\/\/eingmex.com\/index.php?rest_route=%2Fwp%2Fv2%2Fproduct_cat&post=904"},{"taxonomy":"product_tag","embeddable":true,"href":"https:\/\/eingmex.com\/index.php?rest_route=%2Fwp%2Fv2%2Fproduct_tag&post=904"}],"curies":[{"name":"wp","href":"https:\/\/api.w.org\/{rel}","templated":true}]}}